{"id":1445,"date":"2020-11-18T16:17:43","date_gmt":"2020-11-18T15:17:43","guid":{"rendered":"http:\/\/poledanceaddict.net\/site\/?page_id=1445"},"modified":"2025-09-04T20:47:21","modified_gmt":"2025-09-04T19:47:21","slug":"formation-professionnelle-diplomante-de-professeur-pole-dance","status":"publish","type":"page","link":"https:\/\/poledanceaddict.net\/site\/?page_id=1445","title":{"rendered":"Formation Professionnelle"},"content":{"rendered":"\n<p>Vous souhaitez devenir professeur de pole dance ou perfectionner vos comp\u00e9tences techniques et p\u00e9dagogiques ? Notre formation professionnelle, dispens\u00e9e par Ingrid Lauroz, est con\u00e7ue pour vous offrir un apprentissage structur\u00e9 et progressif, adapt\u00e9 \u00e0 tous les niveaux.<\/p>\n\n\n\n<p>Une formation en<strong> 6 modules \u00e9volutifs.<\/strong><\/p>\n\n\n\n<p>La formation est compos\u00e9e de six modules de 12h chacun, allant du niveau 1 (initiation) au niveau 6 (avanc\u00e9). Vous avez la possibilit\u00e9 de suivre uniquement les modules qui vous int\u00e9ressent, mais ils doivent \u00eatre suivis dans l\u2019ordre afin de garantir une progression optimale.<\/p>\n\n\n\n<p><strong>Tarif et financement :<\/strong><\/p>\n\n\n\n<p>Le tarif de chaque module est de 600 \u20ac. Si vous financez personnellement et \u00e0 100% votre formation, vous b\u00e9n\u00e9ficiez d\u2019une r\u00e9duction de 100 \u20ac par module. Le financement d&rsquo;\u00e9tat (france travail, Conseil d\u00e9partemental&#8230;) est applicable sauf CPF.<\/p>\n\n\n\n<p>\u27a1\ufe0f Une formation certifiante, compl\u00e8te et accessible pour faire de votre passion un m\u00e9tier !<\/p>\n\n\n\n<p><strong>Le samedi 8 et dimanche 9 novembre 2025<\/strong> <br>De 9h \u00e0 16h &#8211; Module 1 : Niveau Initiation<br>Avec une partie p\u00e9dagogique comportant le module th\u00e9orique de base commune \u00e0 tous les niveaux notamment sur la mise en s\u00e9curit\u00e9, les \u00e9chauffements et plus particuli\u00e8rement la partie anatomie et physiologie. Comment structurer et animer un cours initiation. La gestion des \u00e9motions et des profils d&rsquo;\u00e9l\u00e8ves. Apprentissage des figures de niveau initiation. Renforcement musculaire adapt\u00e9 au niveau Initiation. Mont\u00e9es et descentes du niveau initiation. Cr\u00e9ation d&rsquo;un combo Initiation. Placement de bases de la souplesse.<br>\u00c9volution et validation des connaissances et acquis.<\/p>\n\n\n\n<p><strong>Le samedi 6 et dimanche 7 d\u00e9cembre 2025<\/strong> <br>De 9 \u00e0 16h &#8211; Module 2 Niveau D\u00e9butant 1<\/p>\n\n\n\n<p>D\u00e9composition des figures de ce niveau, \u00e9chauffement \u00e0 proposer, renforcement, descentes et mont\u00e9es et la communication \u00e0 adopter aupr\u00e8s de vos futurs \u00e9l\u00e8ves adapt\u00e9s au niveau d\u00e9butant. Comment structurer et animer un cours de niveau d\u00e9butant 1. Construire une chor\u00e9graphie.<\/p>\n\n\n\n<p><strong>Le samedi 17 et dimanche 18 janvier 2026<\/strong> <br>De 9 \u00e0 16h &#8211; Module 3 &#8211; Niveau D\u00e9butant 2<\/p>\n\n\n\n<p>Enseigner la pole dance d\u00e9butant 2 avec la m\u00eame d\u00e9composition que le module pr\u00e9c\u00e9dent mais sur les figures du niveau d\u00e9butant 2. L\u00e9gislation.<\/p>\n\n\n\n<p>Au niveau logistique, la formation a lieu sur notre \u00e9cole de st egreve situ\u00e9e 9 avenue de l \u00eele brune 38120 Saint Egreve.<\/p>\n\n\n\n<p>Le repas du midi peut se prendre sur place .<\/p>\n\n\n\n<p>Pour plus d\u2019informations ou pour vous inscrire, contactez-nous d\u00e8s maintenant.<\/p>\n\n\n\n<figure class=\"wp-block-image size-large\"><img loading=\"lazy\" decoding=\"async\" width=\"724\" height=\"1024\" src=\"https:\/\/poledanceaddict.net\/site\/wp-content\/uploads\/2025\/09\/formation-pro-1-724x1024.jpeg\" alt=\"\" class=\"wp-image-2927\" srcset=\"https:\/\/poledanceaddict.net\/site\/wp-content\/uploads\/2025\/09\/formation-pro-1-724x1024.jpeg 724w, https:\/\/poledanceaddict.net\/site\/wp-content\/uploads\/2025\/09\/formation-pro-1-212x300.jpeg 212w, https:\/\/poledanceaddict.net\/site\/wp-content\/uploads\/2025\/09\/formation-pro-1-768x1086.jpeg 768w, https:\/\/poledanceaddict.net\/site\/wp-content\/uploads\/2025\/09\/formation-pro-1-1087x1536.jpeg 1087w, https:\/\/poledanceaddict.net\/site\/wp-content\/uploads\/2025\/09\/formation-pro-1.jpeg 1132w\" sizes=\"auto, (max-width: 724px) 100vw, 724px\" \/><\/figure>\n\n\n\n<figure class=\"wp-block-image\"><img loading=\"lazy\" decoding=\"async\" width=\"1024\" height=\"724\" src=\"http:\/\/poledanceaddict.net\/site\/wp-content\/uploads\/2020\/11\/table-matiere-module-1-pdf-1024x724.jpg\" alt=\"Module initiation formation Professionnelle Pole Dance \u00e0 Grenoble \" class=\"wp-image-1454\"\/><\/figure>\n\n\n\n<figure class=\"wp-block-image\"><img decoding=\"async\" src=\"http:\/\/poledanceaddict.net\/site\/wp-content\/uploads\/2018\/01\/copyright-reproduction-interdite_Page_1.jpg\" alt=\"\" class=\"wp-image-1047\"\/><figcaption class=\"wp-element-caption\">Voici les principales figures de pole dance que nous apprenons dans nos cours en niveau 1 et le nom des prises (grips en pole dance).<\/figcaption><\/figure>\n\n\n\n<p><\/p>\n\n\n\n<p><\/p>\n","protected":false},"excerpt":{"rendered":"<p>Vous souhaitez devenir professeur de pole dance ou perfectionner vos comp\u00e9tences techniques et p\u00e9dagogiques ? Notre formation professionnelle, dispens\u00e9e par Ingrid Lauroz, est con\u00e7ue pour &hellip;<\/p>\n","protected":false},"author":4,"featured_media":1453,"parent":0,"menu_order":0,"comment_status":"closed","ping_status":"closed","template":"","meta":{"footnotes":""},"class_list":["post-1445","page","type-page","status-publish","has-post-thumbnail","hentry"],"_links":{"self":[{"href":"https:\/\/poledanceaddict.net\/site\/index.php?rest_route=\/wp\/v2\/pages\/1445","targetHints":{"allow":["GET"]}}],"collection":[{"href":"https:\/\/poledanceaddict.net\/site\/index.php?rest_route=\/wp\/v2\/pages"}],"about":[{"href":"https:\/\/poledanceaddict.net\/site\/index.php?rest_route=\/wp\/v2\/types\/page"}],"author":[{"embeddable":true,"href":"https:\/\/poledanceaddict.net\/site\/index.php?rest_route=\/wp\/v2\/users\/4"}],"replies":[{"embeddable":true,"href":"https:\/\/poledanceaddict.net\/site\/index.php?rest_route=%2Fwp%2Fv2%2Fcomments&post=1445"}],"version-history":[{"count":15,"href":"https:\/\/poledanceaddict.net\/site\/index.php?rest_route=\/wp\/v2\/pages\/1445\/revisions"}],"predecessor-version":[{"id":2928,"href":"https:\/\/poledanceaddict.net\/site\/index.php?rest_route=\/wp\/v2\/pages\/1445\/revisions\/2928"}],"wp:featuredmedia":[{"embeddable":true,"href":"https:\/\/poledanceaddict.net\/site\/index.php?rest_route=\/wp\/v2\/media\/1453"}],"wp:attachment":[{"href":"https:\/\/poledanceaddict.net\/site\/index.php?rest_route=%2Fwp%2Fv2%2Fmedia&parent=1445"}],"curies":[{"name":"wp","href":"https:\/\/api.w.org\/{rel}","templated":true}]}}