{"id":147,"date":"2015-08-26T08:52:16","date_gmt":"2015-08-26T06:52:16","guid":{"rendered":"http:\/\/poledanceaddict.net\/site\/?page_id=147"},"modified":"2025-12-04T22:13:52","modified_gmt":"2025-12-04T21:13:52","slug":"cours-option","status":"publish","type":"page","link":"https:\/\/poledanceaddict.net\/site\/?page_id=147","title":{"rendered":"Tarifs des cours"},"content":{"rendered":"<p style=\"text-align: left;\"><span style=\"color: #94288b;\"><strong><span style=\"text-decoration: underline;\">Nous proposons le paiement en ligne ou directement au studio. Des paiements \u00e9chelonn\u00e9s sont possibles<\/span><\/strong><\/span><\/p>\n<p style=\"text-align: left;\">Vos cartes de cours sont valables 10 mois.<\/p>\n<p style=\"text-align: left;\"><strong>Deux possibilit\u00e9s : <\/strong><\/p>\n<ul>\n<li style=\"text-align: left;\"><em>Les cartes de cours<\/em> classiques: Nos cartes de cours correspondent \u00e0 un nombre de cr\u00e9dits.<br \/><strong>1 cr\u00e9dit = 1 cours au choix<\/strong> parmi ceux du planning ! Vous pourrez venir toujours sur le m\u00eame cr\u00e9neau ou varier d\u2019horaire \u00e0 votre gr\u00e9 selon les disponibilit\u00e9s de notre planning.<\/li>\n<\/ul>\n<p style=\"text-align: left;\">Vous n\u2019\u00eates pas engag\u00e9\u00b7e sur un cours en particulier (sauf pour les abonnements Enfants).<br \/>Vous \u00eates donc libre de vous inscrire \u00e0 tous les cours que vous souhaitez selon vos disponibilit\u00e9s et votre niveau.<\/p>\n<p>L\u2019avantage de notre syst\u00e8me est une grande flexibilit\u00e9 d\u2019horaire qui vous permet de pallier \u00e0 des emplois du temps de travail ou de famille, variables. De plus, vous ne perdez pas vos cours en cas de changement de vos disponibilit\u00e9s (sous conditions d\u2019annulation dans les 12H pr\u00e9c\u00e9dents l\u2019heure dudit cours).<\/p>\n<p><strong>R\u00e9ductions<\/strong> : \u2013 10% applicables pour les membres de la m\u00eame famille seulement sur les cartes de cours \u00e0 l\u2019unit\u00e9<\/p>\n<p><strong>Facilit\u00e9s de paiement :\u00a0 <\/strong>Mensualisation possible pour toutes les formules d\u2019abonnement (dans la limite de la validit\u00e9 de la carte de cours), soit payable en 10 fois maximum<\/p>\n<ul>\n<li><em>Les cartes de cours avec choix du cr\u00e9neau fixe\u00a0 :\u00a0<\/em><\/li>\n<\/ul>\n<ol>\n<li><strong>carte annuel \u00e0 420 euros<\/strong> 1 cours hebdomadaire fixe de septembre au 5 juillet pour tous les autres cours que ceux mentionn\u00e9s pour le tarif \u00e0 380 euros (pas d\u2019\u00e9change, pas de rattrapage mais possibilit\u00e9 de prendre des cours par carte en plus).<\/li>\n<li><strong>choisissez le tarif pr\u00e9f\u00e9rentiel \u00e0 380 euros<\/strong> \u00e0 l\u2019ann\u00e9e pour un cours fixe par semaine sur les cr\u00e9neaux tous niveaux suivants : mardi 19h30 \u00e0 Claix, Jeudi 12h30 \u00e0 Meylan, Jeudi 19h15 \u00e0 Saint-Egr\u00e8ve et le vendredi 19h15 \u00e0 Meylan (abonnement \u00e0 demander par mail) et sur les cours autres que Pole Dance comme Heels, Flow, Exotic, Ninja et Cerceau A\u00e9rien.<strong><br \/><\/strong><\/li>\n<\/ol>\n<p>Nous acceptons les cartes Tatoo et r\u00e9ductions Pass\u2019R\u00e9gion et Pass Sport et Ch\u00e8ques Vacances<\/p>\n\n\n<div class=\"wp-block-media-text is-stacked-on-mobile\"><figure class=\"wp-block-media-text__media\"><img loading=\"lazy\" decoding=\"async\" width=\"576\" height=\"1024\" src=\"https:\/\/poledanceaddict.net\/site\/wp-content\/uploads\/2025\/08\/tarifs-576x1024.jpg\" alt=\"\" class=\"wp-image-2918 size-full\" srcset=\"https:\/\/poledanceaddict.net\/site\/wp-content\/uploads\/2025\/08\/tarifs-576x1024.jpg 576w, https:\/\/poledanceaddict.net\/site\/wp-content\/uploads\/2025\/08\/tarifs-169x300.jpg 169w, https:\/\/poledanceaddict.net\/site\/wp-content\/uploads\/2025\/08\/tarifs-768x1365.jpg 768w, https:\/\/poledanceaddict.net\/site\/wp-content\/uploads\/2025\/08\/tarifs-864x1536.jpg 864w, https:\/\/poledanceaddict.net\/site\/wp-content\/uploads\/2025\/08\/tarifs.jpg 1080w\" sizes=\"auto, (max-width: 576px) 100vw, 576px\" \/><\/figure><div class=\"wp-block-media-text__content\">\n<p><\/p>\n<\/div><\/div>\n\n\n\n<ul class=\"wp-block-list\">\n<li>Prolongation de validit\u00e9 de 7 jours (sauf pour cartes illimit\u00e9es) : 10\u20ac ;<\/li>\n\n\n\n<li>Frais de dossier en cas de demande accord\u00e9e de remboursement\u00a0 : 50 euros<\/li>\n<\/ul>\n\n\n\n<p>L\u2019\u00e9cole est ouverte toute l\u2019ann\u00e9e (sauf pendant les vacances de no\u00ebl et les jours f\u00e9ri\u00e9s)\u00a0 avec un planning de cours all\u00e9g\u00e9 pendant les deux mois de vacances d\u2019\u00e9t\u00e9.<\/p>\n\n\n\n<p>En cas d\u2019\u00e9ventuelle question,<a href=\"https:\/\/poledanceaddict.net\/site\/?page_id=500\"> n\u2019h\u00e9sitez pas \u00e0 nous contacter Pole Dance Addict sera l\u00e0 pour vous r\u00e9pondre.<\/a><\/p>\n\n\n\n<p><\/p>\n","protected":false},"excerpt":{"rendered":"<p>Nous proposons le paiement en ligne ou directement au studio. Des paiements \u00e9chelonn\u00e9s sont possibles Vos cartes de cours sont valables 10 mois. Deux possibilit\u00e9s &hellip;<\/p>\n","protected":false},"author":1,"featured_media":0,"parent":0,"menu_order":0,"comment_status":"closed","ping_status":"closed","template":"","meta":{"footnotes":""},"class_list":["post-147","page","type-page","status-publish","hentry"],"_links":{"self":[{"href":"https:\/\/poledanceaddict.net\/site\/index.php?rest_route=\/wp\/v2\/pages\/147","targetHints":{"allow":["GET"]}}],"collection":[{"href":"https:\/\/poledanceaddict.net\/site\/index.php?rest_route=\/wp\/v2\/pages"}],"about":[{"href":"https:\/\/poledanceaddict.net\/site\/index.php?rest_route=\/wp\/v2\/types\/page"}],"author":[{"embeddable":true,"href":"https:\/\/poledanceaddict.net\/site\/index.php?rest_route=\/wp\/v2\/users\/1"}],"replies":[{"embeddable":true,"href":"https:\/\/poledanceaddict.net\/site\/index.php?rest_route=%2Fwp%2Fv2%2Fcomments&post=147"}],"version-history":[{"count":38,"href":"https:\/\/poledanceaddict.net\/site\/index.php?rest_route=\/wp\/v2\/pages\/147\/revisions"}],"predecessor-version":[{"id":2961,"href":"https:\/\/poledanceaddict.net\/site\/index.php?rest_route=\/wp\/v2\/pages\/147\/revisions\/2961"}],"wp:attachment":[{"href":"https:\/\/poledanceaddict.net\/site\/index.php?rest_route=%2Fwp%2Fv2%2Fmedia&parent=147"}],"curies":[{"name":"wp","href":"https:\/\/api.w.org\/{rel}","templated":true}]}}