{"id":175,"date":"2015-08-26T11:54:48","date_gmt":"2015-08-26T09:54:48","guid":{"rendered":"http:\/\/poledanceaddict.net\/site\/?page_id=175"},"modified":"2025-04-29T22:34:33","modified_gmt":"2025-04-29T21:34:33","slug":"enterrements-de-vie-de-celibataire-anniversaires","status":"publish","type":"page","link":"https:\/\/poledanceaddict.net\/site\/?page_id=175","title":{"rendered":"Ev\u00e8nements"},"content":{"rendered":"<p><em>Vous souhaitez organiser un enterrement de vie de jeune fille ou de gar\u00e7ons, un anniversaire ou encore un apr\u00e8s-midi festif entre ami(e)s ? Venez vous retrouver autour et sur la barre pour une s\u00e9ance de d\u00e9couverte de la pole dance.<\/em><\/p>\n<p><a href=\"http:\/\/poledanceaddict.net\/site\/wp-content\/uploads\/2015\/08\/evjf-2.jpg\" data-rel=\"lightbox-image-0\" data-rl_title=\"\" data-rl_caption=\"\" title=\"\"><img loading=\"lazy\" decoding=\"async\" class=\"aligncenter size-medium wp-image-561\" src=\"http:\/\/poledanceaddict.net\/site\/wp-content\/uploads\/2015\/08\/evjf-2-300x225.jpg\" alt=\"evjf 2\" width=\"300\" height=\"225\" srcset=\"https:\/\/poledanceaddict.net\/site\/wp-content\/uploads\/2015\/08\/evjf-2-300x225.jpg 300w, https:\/\/poledanceaddict.net\/site\/wp-content\/uploads\/2015\/08\/evjf-2.jpg 960w\" sizes=\"auto, (max-width: 300px) 100vw, 300px\" \/><\/a><\/p>\n<p>Aucun niveau sportif pr\u00e9-requis : un seul mot d&rsquo;ordre : s&rsquo;amuser !!<\/p>\n<p><strong>Tarifs : <\/strong><\/p>\n<ul>\n<li>20 euros par personne \u00e0 partir de 6 participantes<\/li>\n<li>120 euros forfaitaire si moins de 7 participantes<\/li>\n<\/ul>\n<p><span style=\"color: #94288b;\"><strong><span style=\"text-decoration: underline;\">D\u00e9roulement<\/span><\/strong><\/span><\/p>\n<ul>\n<li>Apr\u00e8s un petit \u00e9chauffement en musique, vous apprendrez \u00e0 l\u2019issue de ce moment, plusieurs mouvements de base de la Pole Dance et vous travaillerez une petite chor\u00e9graphie. La Pole dance est une discipline gratifiante o\u00f9 chacune peut r\u00e9ussir plusieurs mouvements, mises en valeur,\u00a0vous allez surtout vous amuser. N\u2019ayez crainte, aucun niveau sportif n\u2019est pr\u00e9-requis\u00a0!<\/li>\n<li>Pauses sucr\u00e9es \u00e0 volont\u00e9 (go\u00fbter et boissons sans alcool offertes).<\/li>\n<li>Vous pourrez immortaliser ce moment en r\u00e9alisant vos vid\u00e9os et vos photos.<\/li>\n<\/ul>\n<p>Vous pouvez visionner ici un exemple de chor\u00e9graphie r\u00e9alisable lors d\u2019un EVJF\u00a0 :<br \/>\n<a href=\"https:\/\/youtu.be\/kxl2lFEg268\" target=\"_blank\" rel=\"noopener noreferrer\">chor\u00e9graphie d&rsquo;EVJF<\/a><\/p>\n<p><strong>Suivez-nous \u00e9galement sur notre <a href=\"https:\/\/www.facebook.com\/EVJF.Grenoble.Pole.Dance\" target=\"_blank\" rel=\"noopener noreferrer\">page sp\u00e9ciale d\u00e9di\u00e9e aux EVJF<\/a>\u00a0sur Facebook.<a href=\"http:\/\/poledanceaddict.net\/site\/wp-content\/uploads\/2015\/08\/11039866_1647346078812111_6938857061282087114_n.jpg\" data-rel=\"lightbox-image-1\" data-rl_title=\"\" data-rl_caption=\"\" title=\"\"><img loading=\"lazy\" decoding=\"async\" class=\"size-medium wp-image-563 alignright\" src=\"http:\/\/poledanceaddict.net\/site\/wp-content\/uploads\/2015\/08\/11039866_1647346078812111_6938857061282087114_n-300x225.jpg\" alt=\"11039866_1647346078812111_6938857061282087114_n\" width=\"300\" height=\"225\" srcset=\"https:\/\/poledanceaddict.net\/site\/wp-content\/uploads\/2015\/08\/11039866_1647346078812111_6938857061282087114_n-300x225.jpg 300w, https:\/\/poledanceaddict.net\/site\/wp-content\/uploads\/2015\/08\/11039866_1647346078812111_6938857061282087114_n.jpg 960w\" sizes=\"auto, (max-width: 300px) 100vw, 300px\" \/><\/a><\/strong><\/p>\n<p><span style=\"color: #94288b;\"><strong><span style=\"text-decoration: underline;\">Comment r\u00e9server mon EVJF ?<\/span><\/strong><\/span><\/p>\n<p>C&rsquo;est avec plaisir que nous vous accueillerons pour l&rsquo;evjf de votre amie. Il nous suffira juste de trouver un cr\u00e9neau \u00e0 votre convenance en prenant\u00a0<a href=\"http:\/\/poledanceaddict.net\/site\/?page_id=201\">contact<\/a>\u00a0avec nous de pr\u00e9f\u00e9rence par mail.<\/p>\n<p>Apr\u00e8s confirmation de votre r\u00e9servation par mail, nul besoin d&rsquo;envoyer un acompte.<\/p>\n<p>La tenue la plus adapt\u00e9e est un short court type cycliste, un d\u00e9bardeur et pieds nus. Cependant, vous pouvez aussi venir avec d\u2019autres habits ou d\u00e9guisements et des chaussures \u00e0 talons propres.<\/p>\n<p>Il est important par s\u00e9curit\u00e9 (pour \u00e9viter les chutes \u00e0 la barre) de bien pr\u00e9venir toutes les participantes de ne pas se huiler ou cr\u00e9mer le corps depuis la douche pr\u00e9c\u00e9dent le cours.<\/p>\n<p>N\u2019h\u00e9sitez pas \u00e0 nous soumettre vos souhaits\/propositions de personnalisation pour rendre cet \u00e9v\u00e9nement encore plus m\u00e9morable, nous essayerons de coller au plus pr\u00e8s \u00e0 vos souhaits.<\/p>\n<p><a href=\"http:\/\/poledanceaddict.net\/site\/wp-content\/uploads\/2015\/08\/evjf.jpg\" data-rel=\"lightbox-image-2\" data-rl_title=\"\" data-rl_caption=\"\" title=\"\"><img loading=\"lazy\" decoding=\"async\" class=\"aligncenter size-medium wp-image-562\" src=\"http:\/\/poledanceaddict.net\/site\/wp-content\/uploads\/2015\/08\/evjf-300x225.jpg\" alt=\"evjf\" width=\"300\" height=\"225\" srcset=\"https:\/\/poledanceaddict.net\/site\/wp-content\/uploads\/2015\/08\/evjf-300x225.jpg 300w, https:\/\/poledanceaddict.net\/site\/wp-content\/uploads\/2015\/08\/evjf.jpg 960w\" sizes=\"auto, (max-width: 300px) 100vw, 300px\" \/><\/a><\/p>\n","protected":false},"excerpt":{"rendered":"<p>Vous souhaitez organiser un enterrement de vie de jeune fille ou de gar\u00e7ons, un anniversaire ou encore un apr\u00e8s-midi festif entre ami(e)s ? Venez vous &hellip;<\/p>\n","protected":false},"author":1,"featured_media":1230,"parent":278,"menu_order":0,"comment_status":"closed","ping_status":"closed","template":"","meta":{"footnotes":""},"class_list":["post-175","page","type-page","status-publish","has-post-thumbnail","hentry"],"_links":{"self":[{"href":"https:\/\/poledanceaddict.net\/site\/index.php?rest_route=\/wp\/v2\/pages\/175","targetHints":{"allow":["GET"]}}],"collection":[{"href":"https:\/\/poledanceaddict.net\/site\/index.php?rest_route=\/wp\/v2\/pages"}],"about":[{"href":"https:\/\/poledanceaddict.net\/site\/index.php?rest_route=\/wp\/v2\/types\/page"}],"author":[{"embeddable":true,"href":"https:\/\/poledanceaddict.net\/site\/index.php?rest_route=\/wp\/v2\/users\/1"}],"replies":[{"embeddable":true,"href":"https:\/\/poledanceaddict.net\/site\/index.php?rest_route=%2Fwp%2Fv2%2Fcomments&post=175"}],"version-history":[{"count":18,"href":"https:\/\/poledanceaddict.net\/site\/index.php?rest_route=\/wp\/v2\/pages\/175\/revisions"}],"predecessor-version":[{"id":2760,"href":"https:\/\/poledanceaddict.net\/site\/index.php?rest_route=\/wp\/v2\/pages\/175\/revisions\/2760"}],"up":[{"embeddable":true,"href":"https:\/\/poledanceaddict.net\/site\/index.php?rest_route=\/wp\/v2\/pages\/278"}],"wp:featuredmedia":[{"embeddable":true,"href":"https:\/\/poledanceaddict.net\/site\/index.php?rest_route=\/wp\/v2\/media\/1230"}],"wp:attachment":[{"href":"https:\/\/poledanceaddict.net\/site\/index.php?rest_route=%2Fwp%2Fv2%2Fmedia&parent=175"}],"curies":[{"name":"wp","href":"https:\/\/api.w.org\/{rel}","templated":true}]}}