{"id":1931,"date":"2023-09-01T22:25:18","date_gmt":"2023-09-01T21:25:18","guid":{"rendered":"https:\/\/poledanceaddict.net\/site\/?page_id=1931"},"modified":"2025-04-30T15:18:47","modified_gmt":"2025-04-30T14:18:47","slug":"reservations-v2","status":"publish","type":"page","link":"https:\/\/poledanceaddict.net\/site\/?page_id=1931","title":{"rendered":"R\u00e9servations"},"content":{"rendered":"\n<p class=\"has-text-align-center has-normal-font-size\">Gr\u00e2ce \u00e0 notre plateforme de r\u00e9servation, vous r\u00e9servez vos cours en ligne&nbsp; et pouvez g\u00e9rer vos inscriptions <strong><mark style=\"background-color:rgba(0, 0, 0, 0)\" class=\"has-inline-color has-accent-1-color\">de mani\u00e8re autonome<\/mark><\/strong>.&nbsp; Avec notre syst\u00e8me, plus d\u2019obligation de toujours conserver le m\u00eame cr\u00e9neau, <strong><mark style=\"background-color:rgba(0, 0, 0, 0)\" class=\"has-inline-color has-accent-1-color\">vous g\u00e9rez votre planning<\/mark><\/strong>.<\/p>\n\n\n<div class=\"wp-block-image\">\n<figure class=\"aligncenter size-full\"><img loading=\"lazy\" decoding=\"async\" width=\"200\" height=\"200\" src=\"https:\/\/poledanceaddict.net\/site\/wp-content\/uploads\/2023\/08\/pda38_bulle_200_01.png\" alt=\"\" class=\"wp-image-1897\" srcset=\"https:\/\/poledanceaddict.net\/site\/wp-content\/uploads\/2023\/08\/pda38_bulle_200_01.png 200w, https:\/\/poledanceaddict.net\/site\/wp-content\/uploads\/2023\/08\/pda38_bulle_200_01-150x150.png 150w\" sizes=\"auto, (max-width: 200px) 100vw, 200px\" \/><\/figure>\n<\/div>\n\n\n<p><\/p>\n\n\n\n<p class=\"has-text-align-center has-white-color has-text-color has-background has-normal-font-size\" style=\"background-color:#bcd73b\">Pour vous inscrire \u00e0 vos cours :<\/p>\n\n\n\n<ul class=\"wp-block-list\">\n<li><strong>Vous \u00eates nouvelle<\/strong> : vous aurez besoin de <a href=\"https:\/\/backoffice.bsport.io\/login?membership=818\"><mark style=\"background-color:#f0a3c3\" class=\"has-inline-color has-accent-1-color\">cr\u00e9er un profil<\/mark><\/a>. Choisissez le cours ou le stage de votre choix et RDV au studio ! Vous paierez ensuite directement sur place (pas de carte bancaire) ou en ligne.<\/li>\n\n\n\n<li><strong>Vous n\u2019avez jamais pratiqu\u00e9 la pole dance<\/strong> : choisissez de pr\u00e9f\u00e9rence un cours de niveau 1 sur les cours hebdomadaires (lundi, mercredi, vendredi ou samedi). Nous proposons aussi un cours sp\u00e9cial d\u00e9couverte les mercredis \u00e0 17H45 et un stage initiation une \u00e0 deux fois par mois.<\/li>\n\n\n\n<li><strong>Vous avez d\u00e9j\u00e0 pratiqu\u00e9 la pole dance<\/strong> : cliquez<mark style=\"background-color:rgba(0, 0, 0, 0)\" class=\"has-inline-color has-headings-color\"> <\/mark><a rel=\"noopener noreferrer\" href=\"http:\/\/poledanceaddict.net\/site\/wp-content\/uploads\/2015\/08\/figure-de-pole-\u00e0-maitriser.pdf\" target=\"_blank\"><mark style=\"background-color:#f0a3c3\" class=\"has-inline-color has-accent-1-color\">ici<\/mark><\/a>&nbsp;pour vous aider \u00e0 situer votre niveau.<\/li>\n\n\n\n<li><strong>Vous \u00eates abonn\u00e9e<\/strong> :  vous avez d\u00e9j\u00e0 cr\u00e9\u00e9 un profil. Vous pouvez donc <a href=\"https:\/\/backoffice.bsport.io\/login?membership=818\"><mark style=\"background-color:#f0a3c3\" class=\"has-inline-color has-accent-1-color\">vous connecter<\/mark><\/a>. Vous avez ainsi acc\u00e8s \u00e0 votre compte pour vous inscrire, modifier vos r\u00e9servations, savoir le nombre de cr\u00e9dits qu\u2019il vous reste&#8230; Vous pouvez \u00e9galement changer vos informations et votre mot de passe.<\/li>\n<\/ul>\n\n\n\n<div class=\"wp-block-buttons is-content-justification-center is-layout-flex wp-container-core-buttons-is-layout-16018d1d wp-block-buttons-is-layout-flex\">\n<div class=\"wp-block-button is-style-fill\"><a class=\"wp-block-button__link has-white-color has-text-color has-background wp-element-button\" href=\"https:\/\/backoffice.bsport.io\/login?membership=818\" style=\"border-radius:20px;background-color:#f0a3c3\">Nous vous invitons \u00e0 cr\u00e9er votre compte \u00e9l\u00e8ve et vous pourrez vous inscrire aux horaires de vos choix au fil des semaines<\/a><\/div>\n<\/div>\n\n\n\n<p><\/p>\n\n\n\n<p class=\"has-text-align-center\"><span style=\"font-size: revert; text-align: justify; text-indent: 0em;\">Apr\u00e8s inscription au cours vous recevrez un&nbsp;mail de confirmation&nbsp;d\u2019inscription au cours vous rappelant l\u2019horaire, le lieu, votre prof, ainsi que la tenue vestimentaire ad\u00e9quate.<\/span>  <\/p>\n\n\n\n<p class=\"has-text-align-center\"><span style=\"font-size: revert; text-align: justify; text-indent: 0em;\">A chaque r\u00e9servation de cours, vous pouvez\u00a0annuler jusqu\u2019\u00e0 12h avant\u00a0\u00a0votre cours sinon le cours sera d\u00e9bit\u00e9 automatiquement de votre carte de cr\u00e9dits de cours ou le cours restera d\u00fb.<\/span><\/p>\n\n\n\n<p class=\"has-text-align-center\"><span style=\"font-size: revert; text-align: justify; text-indent: 0em;\">Lors de votre inscription si le cours est&nbsp;complet, le logiciel vous proposera de vous inscrire sur&nbsp;liste d\u2019attente. En cas de place qui se lib\u00e8re, vous recevrez un mail vous confirmant votre heureux passage dans la liste des participantes au cours. Bien s\u00fbr tant que vous n\u2019\u00eates pas valid\u00e9 votre cours n\u2019est pas d\u00e9bit\u00e9 de votre carte.<\/span> <\/p>\n\n\n\n<p class=\"has-text-align-center has-white-color has-text-color has-background has-normal-font-size\" style=\"background-color:#a2c817\"><span style=\"font-size: revert; text-align: justify; text-indent: 0em;\">Et si malgr\u00e9 tout vous souhaitez \u00eatre accompagn\u00e9 dans cette d\u00e9marche n&rsquo;h\u00e9sitez pas \u00e0 nous joindre&nbsp;<\/span><a href=\"http:\/\/poledanceaddict.net\/site\/?page_id=1936\" target=\"_blank\" rel=\"noreferrer noopener\"><mark style=\"background-color:#f0a3c3\" class=\"has-inline-color has-accent-1-color\"> ici <\/mark><\/a> .<\/p>\n\n\n\n<p class=\"has-text-align-center\"><span style=\"font-size: revert; text-align: justify; text-indent: 0em;\">A bient\u00f4t!!<\/span> <br><\/p>\n\n\n<div class=\"wp-block-image\">\n<figure class=\"aligncenter size-full\"><img loading=\"lazy\" decoding=\"async\" width=\"200\" height=\"200\" src=\"https:\/\/poledanceaddict.net\/site\/wp-content\/uploads\/2023\/08\/pda38_bulle_200_04.png\" alt=\"\" class=\"wp-image-1900\" srcset=\"https:\/\/poledanceaddict.net\/site\/wp-content\/uploads\/2023\/08\/pda38_bulle_200_04.png 200w, https:\/\/poledanceaddict.net\/site\/wp-content\/uploads\/2023\/08\/pda38_bulle_200_04-150x150.png 150w\" sizes=\"auto, (max-width: 200px) 100vw, 200px\" \/><\/figure>\n<\/div>\n\n\n<script id=\"insert-bsport-widget-cdn\">!function (b, s, p, o, r, t) { !typeof window.BsportWidget !== \"undefined\" && !document.getElementById(\"bsport-widget-cdn\") && !function () { m = b.createElement(s), m.id = \"bsport-widget-cdn\", m.src = p, b.getElementsByTagName(\"head\")[0].appendChild(m) }() }(document, \"script\", \"https:\/\/cdn.bsport.io\/scripts\/widget.js\")<\/script>\n    <script id=\"bsport-widget-mount\">\n        function MountBsportWidget(config, repeat=1) {\n            if (repeat > 50) { return }\n            if (!window.BsportWidget) {\n                return setTimeout(() => {\n                    MountBsportWidget(config,repeat+1)\n                }, 100 * repeat || 1)\n            }\n            BsportWidget.mount(config)\n        }\n    <\/script>\n    <script>\n        MountBsportWidget({\n                \"parentElement\": \"bsport-widget-361010\",\n                \"companyId\": 818,\n                \"franchiseId\": null,\n                \"dialogMode\": 1,\n                \"widgetType\": \"calendarV2\", \n                \"showFab\": false,\n                \"fullScreenPopup\": false,\n                \"styles\":undefined,\n                \"config\": {\n                    \"calendarV2\": {                \"coaches\": [],\n                \"establishments\": [],\n                \"metaActivities\": [],\n                \"levels\": [],\n                \"variant\": null,\n                \"groupSessionByPeriod\": true}\n                }  \n            })\n    <\/script>\n<div><div id=\"bsport-widget-361010\"><\/div><\/div>\n\n\n\n<script id=\"insert-bsport-widget-cdn\">!function (b, s, p, o, r, t) { !typeof window.BsportWidget !== \"undefined\" && !document.getElementById(\"bsport-widget-cdn\") && !function () { m = b.createElement(s), m.id = \"bsport-widget-cdn\", m.src = p, b.getElementsByTagName(\"head\")[0].appendChild(m) }() }(document, \"script\", \"https:\/\/cdn.bsport.io\/scripts\/widget.js\")<\/script>\n    <script id=\"bsport-widget-mount\">\n        function MountBsportWidget(config, repeat=1) {\n            if (repeat > 50) { return }\n            if (!window.BsportWidget) {\n                return setTimeout(() => {\n                    MountBsportWidget(config,repeat+1)\n                }, 100 * repeat || 1)\n            }\n            BsportWidget.mount(config)\n        }\n    <\/script>\n    <script>\n        MountBsportWidget({\n                \"parentElement\": \"bsport-widget-439934\",\n                \"companyId\": 818,\n                \"franchiseId\": null,\n                \"dialogMode\": 0,\n                \"widgetType\": \"loginButton\", \n                \"showFab\": true,\n                \"fullScreenPopup\": false,\n                \"styles\":undefined,\n                \"config\": {\n                    \"loginButton\": {}\n                }  \n            })\n    <\/script>\n<div><div id=\"bsport-widget-439934\"><\/div><\/div>\n\n\n\n<p><\/p>\n","protected":false},"excerpt":{"rendered":"<p>Gr\u00e2ce \u00e0 notre plateforme de r\u00e9servation, vous r\u00e9servez vos cours en ligne&nbsp; et pouvez g\u00e9rer vos inscriptions de mani\u00e8re autonome.&nbsp; Avec notre syst\u00e8me, plus d\u2019obligation &hellip;<\/p>\n","protected":false},"author":1,"featured_media":0,"parent":0,"menu_order":0,"comment_status":"closed","ping_status":"closed","template":"","meta":{"footnotes":""},"class_list":["post-1931","page","type-page","status-publish","hentry"],"_links":{"self":[{"href":"https:\/\/poledanceaddict.net\/site\/index.php?rest_route=\/wp\/v2\/pages\/1931","targetHints":{"allow":["GET"]}}],"collection":[{"href":"https:\/\/poledanceaddict.net\/site\/index.php?rest_route=\/wp\/v2\/pages"}],"about":[{"href":"https:\/\/poledanceaddict.net\/site\/index.php?rest_route=\/wp\/v2\/types\/page"}],"author":[{"embeddable":true,"href":"https:\/\/poledanceaddict.net\/site\/index.php?rest_route=\/wp\/v2\/users\/1"}],"replies":[{"embeddable":true,"href":"https:\/\/poledanceaddict.net\/site\/index.php?rest_route=%2Fwp%2Fv2%2Fcomments&post=1931"}],"version-history":[{"count":8,"href":"https:\/\/poledanceaddict.net\/site\/index.php?rest_route=\/wp\/v2\/pages\/1931\/revisions"}],"predecessor-version":[{"id":2514,"href":"https:\/\/poledanceaddict.net\/site\/index.php?rest_route=\/wp\/v2\/pages\/1931\/revisions\/2514"}],"wp:attachment":[{"href":"https:\/\/poledanceaddict.net\/site\/index.php?rest_route=%2Fwp%2Fv2%2Fmedia&parent=1931"}],"curies":[{"name":"wp","href":"https:\/\/api.w.org\/{rel}","templated":true}]}}