{"id":1936,"date":"2023-09-02T12:17:44","date_gmt":"2023-09-02T11:17:44","guid":{"rendered":"https:\/\/poledanceaddict.net\/site\/?page_id=1936"},"modified":"2025-04-29T21:34:10","modified_gmt":"2025-04-29T20:34:10","slug":"contact-acces-v2","status":"publish","type":"page","link":"https:\/\/poledanceaddict.net\/site\/?page_id=1936","title":{"rendered":"Contact &#038; Acc\u00e8s"},"content":{"rendered":"\n<p class=\"has-text-align-center\"><strong><mark style=\"background-color:rgba(0, 0, 0, 0)\" class=\"has-inline-color has-accent-1-color\">Courrier \u00e9lectronique<\/mark><\/strong><br>poledanceaddict@gmail.com<br>ingrid@poledanceaddict.net \/ sandrine@poledanceaddict.net<\/p>\n\n\n\n<p class=\"has-text-align-center\"><strong><mark style=\"background-color:rgba(0, 0, 0, 0)\" class=\"has-inline-color has-accent-1-color\">T\u00e9l\u00e9phone<\/mark><\/strong><br>06 16 43 56 42 (Ingrid) 06 33 50 74 04 (Sandrine)<\/p>\n\n\n\n<p class=\"has-text-align-center\">Pour toute question ou demande particuli\u00e8re, vous pouvez \u00e9galement nous joindre \u00e0 partir de notre <span style=\"text-decoration: underline;\"><a href=\"http:\/\/poledanceaddict.net\/site\/?page_id=500\"><mark style=\"background-color:#f0a3c3\" class=\"has-inline-color has-accent-1-color\">formulaire de contact<\/mark><\/a><\/span>.<\/p>\n\n\n\n<p class=\"has-text-align-center has-white-color has-text-color has-background\" style=\"background-color:#93117f\"><mark style=\"background-color:#f0a3c3\" class=\"has-inline-color has-sitetext-color\"><strong>\u00a0\u00a0\u00a0Pole Dance Addict Meylan\u00a0\u00a0\u00a0<\/strong><\/mark><mark style=\"background-color:#f0a3c3\" class=\"has-inline-color has-accent-1-color\"><strong>   <\/strong><\/mark><br>(dans les locaux de l\u2019Ecole de danse Grimaldi)<br>11 bd. des Alpes<br>38240 Meylan<br><br><iframe title=\"11 Boulevard des Alpes 38240 Meylan\" src=\"https:\/\/maps.google.com\/maps?q=11%20Boulevard%20des%20Alpes%2038240%20Meylan&t=m&z=13&output=embed&iwloc=near\" frameborder=\"0\" marginwidth=\"0\" marginheight=\"0\" scrolling=\"no\" aria-label=\"11 Boulevard des Alpes 38240 Meylan\"><\/iframe><\/p>\n\n\n\n<p class=\"has-text-align-center has-white-color has-text-color has-background\" style=\"background-color:#93117f\"><mark style=\"background-color:#f0a3c3\" class=\"has-inline-color has-sitetext-color\"><strong>\u00a0\u00a0\u00a0Pole Dance Addict Saint Egr\u00e8ve<\/strong><\/mark><mark style=\"background-color:#f0a3c3\" class=\"has-inline-color has-accent-1-color\"><strong>   <\/strong><\/mark><br>9, Ave de l\u2019Ile Brune<br>38120 Saint Egr\u00e8ve<\/p>\n\n\n\n<p class=\"has-text-align-center has-white-color has-text-color has-background\" style=\"background-color:#93117f\"><strong><mark style=\"background-color:#f0a3c3\" class=\"has-inline-color\">Pole Dance Addict Claix <br><\/mark><\/strong>14, rue de L\u2019Europe 38 640 CLaix<br><\/p>\n\n\n\n<p><\/p>\n\n\n\n<p><\/p>\n\n\n\n\n<div class=\"wp-block-image\">\n<figure class=\"aligncenter size-full\"><img loading=\"lazy\" decoding=\"async\" width=\"200\" height=\"200\" src=\"https:\/\/poledanceaddict.net\/site\/wp-content\/uploads\/2023\/08\/pda38_bulle_200_03.png\" alt=\"\" class=\"wp-image-1899\" srcset=\"https:\/\/poledanceaddict.net\/site\/wp-content\/uploads\/2023\/08\/pda38_bulle_200_03.png 200w, https:\/\/poledanceaddict.net\/site\/wp-content\/uploads\/2023\/08\/pda38_bulle_200_03-150x150.png 150w\" sizes=\"auto, (max-width: 200px) 100vw, 200px\" \/><\/figure>\n<\/div>\n\n\n<p class=\"has-text-align-center has-text-color has-background\" style=\"color:#93117f;background-color:#f0a3c3\">Nous sommes pr\u00e9sents sur Facebook, Instagram et YouTube :<\/p>\n\n\n\n<div class=\"wp-block-group is-content-justification-center is-nowrap is-layout-flex wp-container-core-group-is-layout-94bc23d7 wp-block-group-is-layout-flex\">\n<figure class=\"wp-block-image size-full\"><a href=\"https:\/\/www.facebook.com\/Poledanceaddict38\/\" target=\"_blank\" rel=\"noreferrer noopener\"><img loading=\"lazy\" decoding=\"async\" width=\"50\" height=\"50\" src=\"https:\/\/poledanceaddict.net\/site\/wp-content\/uploads\/2023\/08\/Bouton_Facebook_50.png\" alt=\"\" class=\"wp-image-1925\"\/><\/a><\/figure>\n\n\n\n<figure class=\"wp-block-image size-full is-resized\"><a href=\"https:\/\/www.instagram.com\/pole_dance_addict\/\" target=\"_blank\" rel=\"noreferrer noopener\"><img loading=\"lazy\" decoding=\"async\" width=\"50\" height=\"50\" src=\"https:\/\/poledanceaddict.net\/site\/wp-content\/uploads\/2023\/08\/Bouton_Instagram_50.png\" alt=\"\" class=\"wp-image-1923\" style=\"width:50px;height:50px\"\/><\/a><\/figure>\n\n\n\n<div class=\"wp-block-group\"><div class=\"wp-block-group__inner-container is-layout-constrained wp-block-group-is-layout-constrained\"><div class=\"wp-block-image\">\n<figure class=\"aligncenter size-full\"><a href=\"https:\/\/www.youtube.com\/channel\/UCsSq9OteDj9IZjgY_5fJoqA\" target=\"_blank\" rel=\"noreferrer noopener\"><img loading=\"lazy\" decoding=\"async\" width=\"50\" height=\"50\" src=\"https:\/\/poledanceaddict.net\/site\/wp-content\/uploads\/2023\/08\/Bouton_Youtube_50.png\" alt=\"\" class=\"wp-image-1924\"\/><\/a><\/figure>\n<\/div><\/div><\/div>\n<\/div>\n\n\n\n<p class=\"has-text-align-center\"><\/p>\n","protected":false},"excerpt":{"rendered":"<p>Courrier \u00e9lectroniquepoledanceaddict@gmail.comingrid@poledanceaddict.net \/ sandrine@poledanceaddict.net T\u00e9l\u00e9phone06 16 43 56 42 (Ingrid) 06 33 50 74 04 (Sandrine) Pour toute question ou demande particuli\u00e8re, vous pouvez \u00e9galement &hellip;<\/p>\n","protected":false},"author":1,"featured_media":0,"parent":0,"menu_order":0,"comment_status":"closed","ping_status":"closed","template":"","meta":{"footnotes":""},"class_list":["post-1936","page","type-page","status-publish","hentry"],"_links":{"self":[{"href":"https:\/\/poledanceaddict.net\/site\/index.php?rest_route=\/wp\/v2\/pages\/1936","targetHints":{"allow":["GET"]}}],"collection":[{"href":"https:\/\/poledanceaddict.net\/site\/index.php?rest_route=\/wp\/v2\/pages"}],"about":[{"href":"https:\/\/poledanceaddict.net\/site\/index.php?rest_route=\/wp\/v2\/types\/page"}],"author":[{"embeddable":true,"href":"https:\/\/poledanceaddict.net\/site\/index.php?rest_route=\/wp\/v2\/users\/1"}],"replies":[{"embeddable":true,"href":"https:\/\/poledanceaddict.net\/site\/index.php?rest_route=%2Fwp%2Fv2%2Fcomments&post=1936"}],"version-history":[{"count":12,"href":"https:\/\/poledanceaddict.net\/site\/index.php?rest_route=\/wp\/v2\/pages\/1936\/revisions"}],"predecessor-version":[{"id":2743,"href":"https:\/\/poledanceaddict.net\/site\/index.php?rest_route=\/wp\/v2\/pages\/1936\/revisions\/2743"}],"wp:attachment":[{"href":"https:\/\/poledanceaddict.net\/site\/index.php?rest_route=%2Fwp%2Fv2%2Fmedia&parent=1936"}],"curies":[{"name":"wp","href":"https:\/\/api.w.org\/{rel}","templated":true}]}}