{"id":2148,"date":"2023-09-07T12:06:48","date_gmt":"2023-09-07T11:06:48","guid":{"rendered":"https:\/\/poledanceaddict.net\/site\/?page_id=2148"},"modified":"2025-04-29T20:48:42","modified_gmt":"2025-04-29T19:48:42","slug":"lequipe-des-profs","status":"publish","type":"page","link":"https:\/\/poledanceaddict.net\/site\/?page_id=2148","title":{"rendered":"L&rsquo;\u00e9quipe des profs"},"content":{"rendered":"\n<p class=\"has-text-align-center\">Chez Pole Dance Addict, vos professeurs&nbsp;sont dipl\u00f4m\u00e9es en Pole Dance.<\/p>\n\n\n\n<p class=\"has-text-align-center has-headings-color has-text-color\" style=\"font-size:16px\"><strong>Vous trouverez l\u2019assurance d\u2019un enseignement de qualit\u00e9 pour tous les niveaux, d\u2019un professionnalisme assurant une s\u00e9curit\u00e9 maximale, dispens\u00e9 par des professeurs comp\u00e9titeurs de niveau international.<\/strong><\/p>\n\n\n\n<p class=\"has-text-align-center\">Toutes passionn\u00e9es de pole dance, nos professeurs ont les caract\u00e9ristiques communes suivantes : elles sont <strong><mark style=\"background-color:rgba(0, 0, 0, 0)\" class=\"has-inline-color has-accent-1-color\">bienveillantes<\/mark><\/strong> et vous font gagner en <strong><mark style=\"background-color:rgba(0, 0, 0, 0)\" class=\"has-inline-color has-accent-1-color\">confiance <\/mark><\/strong>(et bien s\u00fbr en technique) dans une ambiance d\u2019<strong><mark style=\"background-color:rgba(0, 0, 0, 0)\" class=\"has-inline-color has-accent-1-color\">entraide<\/mark><\/strong> et de motivation.<\/p>\n\n\n\n<div style=\"height:30px\" aria-hidden=\"true\" class=\"wp-block-spacer\"><\/div>\n\n\n\n<p class=\"has-text-align-center has-sitebg-color has-accent-1-background-color has-text-color has-background has-normal-font-size\"><strong>Auriane<\/strong><\/p>\n\n\n<div class=\"wp-block-image\">\n<figure class=\"aligncenter size-full\"><img loading=\"lazy\" decoding=\"async\" width=\"300\" height=\"300\" src=\"https:\/\/poledanceaddict.net\/site\/wp-content\/uploads\/2023\/09\/pda38_bulle_300_Auriane-1.png\" alt=\"\" class=\"wp-image-2164\" srcset=\"https:\/\/poledanceaddict.net\/site\/wp-content\/uploads\/2023\/09\/pda38_bulle_300_Auriane-1.png 300w, https:\/\/poledanceaddict.net\/site\/wp-content\/uploads\/2023\/09\/pda38_bulle_300_Auriane-1-150x150.png 150w\" sizes=\"auto, (max-width: 300px) 100vw, 300px\" \/><\/figure>\n<\/div>\n\n\n<div style=\"height:10px\" aria-hidden=\"true\" class=\"wp-block-spacer\"><\/div>\n\n\n\n<p class=\"has-text-align-center\">Professeur de danse contemporaine, <strong><mark style=\"background-color:rgba(0, 0, 0, 0)\" class=\"has-inline-color has-accent-1-color\">Auriane <\/mark><\/strong>anime le cours de danse du Lundi 19H15. <br>Elle sait mettre \u00e0 l\u2019aise et nous accompagne pour nous apprendre \u00e0 nous exprimer au travers de la danse. <\/p>\n\n\n\n<p class=\"has-text-align-center\">Son petit truc en plus<em> <\/em>: m\u00eame les novices se lib\u00e8rent et prennent confiance gr\u00e2ce \u00e0 sa p\u00e9dagogie de passionn\u00e9e.<\/p>\n\n\n\n<div style=\"height:30px\" aria-hidden=\"true\" class=\"wp-block-spacer\"><\/div>\n\n\n\n<p class=\"has-text-align-center has-sitebg-color has-accent-1-background-color has-text-color has-background has-normal-font-size\"><strong>C\u00e9lia<\/strong><\/p>\n\n\n<div class=\"wp-block-image\">\n<figure class=\"aligncenter size-full\"><img loading=\"lazy\" decoding=\"async\" width=\"300\" height=\"300\" src=\"https:\/\/poledanceaddict.net\/site\/wp-content\/uploads\/2023\/09\/pda38_bulle_300_Celia.png\" alt=\"\" class=\"wp-image-2174\" srcset=\"https:\/\/poledanceaddict.net\/site\/wp-content\/uploads\/2023\/09\/pda38_bulle_300_Celia.png 300w, https:\/\/poledanceaddict.net\/site\/wp-content\/uploads\/2023\/09\/pda38_bulle_300_Celia-150x150.png 150w\" sizes=\"auto, (max-width: 300px) 100vw, 300px\" \/><\/figure>\n<\/div>\n\n\n<div style=\"height:10px\" aria-hidden=\"true\" class=\"wp-block-spacer\"><\/div>\n\n\n\n<p class=\"has-text-align-center\"><strong><mark style=\"background-color:rgba(0, 0, 0, 0)\" class=\"has-inline-color has-accent-1-color\">C\u00e9lia <\/mark><\/strong>est une passionn\u00e9e de pole dance depuis les d\u00e9buts de l\u2019\u00e9cole. <br>Vous appr\u00e9cierez sa gentillesse et sa capacit\u00e9 d&rsquo;adaptation, qui vous permettront de progresser tr\u00e8s facilement. <\/p>\n\n\n\n<p class=\"has-text-align-center\">Son petit truc en plus : une ambiance convivale en cours, et des combos toujours originaux.<\/p>\n\n\n\n<div style=\"height:30px\" aria-hidden=\"true\" class=\"wp-block-spacer\"><\/div>\n\n\n\n<p class=\"has-text-align-center has-sitebg-color has-accent-1-background-color has-text-color has-background has-normal-font-size\"><strong>Cookie<\/strong><\/p>\n\n\n<div class=\"wp-block-image\">\n<figure class=\"aligncenter size-full\"><img loading=\"lazy\" decoding=\"async\" width=\"300\" height=\"300\" src=\"https:\/\/poledanceaddict.net\/site\/wp-content\/uploads\/2023\/09\/pda38_bulle_300_Cookie.png\" alt=\"\" class=\"wp-image-2183\" srcset=\"https:\/\/poledanceaddict.net\/site\/wp-content\/uploads\/2023\/09\/pda38_bulle_300_Cookie.png 300w, https:\/\/poledanceaddict.net\/site\/wp-content\/uploads\/2023\/09\/pda38_bulle_300_Cookie-150x150.png 150w\" sizes=\"auto, (max-width: 300px) 100vw, 300px\" \/><\/figure>\n<\/div>\n\n\n<div style=\"height:10px\" aria-hidden=\"true\" class=\"wp-block-spacer\"><\/div>\n\n\n\n<p class=\"has-text-align-center\">Artiste a\u00e9rienne \u00e9clectique, <strong><mark style=\"background-color:rgba(0, 0, 0, 0)\" class=\"has-inline-color has-accent-1-color\">Cookie <\/mark><\/strong>vous proposera toujours des encha\u00eenements originaux.<br>Cette ann\u00e9e, Cookie anime les cours de cerceaux a\u00e9riens.<\/p>\n\n\n\n<p class=\"has-text-align-center\">Son petit truc en plus : toujours de bonne humeur, vous ressortirez de ses cours avec un large sourire.<\/p>\n\n\n\n<div style=\"height:30px\" aria-hidden=\"true\" class=\"wp-block-spacer\"><\/div>\n\n\n\n<div style=\"height:10px\" aria-hidden=\"true\" class=\"wp-block-spacer\"><\/div>\n\n\n\n<p class=\"has-text-align-center\"><\/p>\n\n\n\n<div style=\"height:30px\" aria-hidden=\"true\" class=\"wp-block-spacer\"><\/div>\n\n\n\n<p class=\"has-text-align-center has-sitebg-color has-accent-1-background-color has-text-color has-background has-normal-font-size\"><strong>Ingrid<\/strong><\/p>\n\n\n<div class=\"wp-block-image\">\n<figure class=\"aligncenter size-full\"><img loading=\"lazy\" decoding=\"async\" width=\"300\" height=\"300\" src=\"https:\/\/poledanceaddict.net\/site\/wp-content\/uploads\/2023\/09\/pda38_bulle_300_Ingrid.png\" alt=\"\" class=\"wp-image-2193\" srcset=\"https:\/\/poledanceaddict.net\/site\/wp-content\/uploads\/2023\/09\/pda38_bulle_300_Ingrid.png 300w, https:\/\/poledanceaddict.net\/site\/wp-content\/uploads\/2023\/09\/pda38_bulle_300_Ingrid-150x150.png 150w\" sizes=\"auto, (max-width: 300px) 100vw, 300px\" \/><\/figure>\n<\/div>\n\n\n<div style=\"height:10px\" aria-hidden=\"true\" class=\"wp-block-spacer\"><\/div>\n\n\n\n<p class=\"has-text-align-center\">D\u2019un pass\u00e9 sportif, <strong><mark style=\"background-color:rgba(0, 0, 0, 0)\" class=\"has-inline-color has-accent-1-color\">Ingrid <\/mark><\/strong>se passionne imm\u00e9diatement pour cette discipline sportive et ludique qu\u2019elle d\u00e9couvre en 2012. <br>C\u2019est la fondatrice de l\u2019\u00e9cole. <strong>Championne de France de Pole Dance 2015 et 2017, finaliste des championnats du monde de Pole Sport IPSF 2018, 2022, 2023 et 2024, 3\u00e8me championnat de France Inter r\u00e9gion Sud de Pole Dance 2022<\/strong><\/p>\n\n\n\n<p>Ingrid, fondatrice de l&rsquo;\u00e9cole d\u00e9couvre la Pole Dance en 2012.<\/p>\n\n\n\n<p>D&rsquo;un pass\u00e9 sportif, elle se passionne imm\u00e9diatement pour cette discipline sportive et ludique.<\/p>\n\n\n\n<p>Form\u00e9e en continu depuis 2012 par Sandrine Taravel (finaliste des championnats de France de pole dance 2011 et 2012) et Alexandra Gerland (championne du monde 2014 de Pole Dance), elle rejoint l&rsquo;\u00e9quipe enseignante dans l&rsquo;\u00e9cole de Sandrine en 2013.<\/p>\n\n\n\n<p>Ingrid compl\u00e8te tr\u00e8s fr\u00e9quemment ses comp\u00e9tences par de nombreux workshops et camps priv\u00e9s aupr\u00e8s de nombreux champions prim\u00e9s de renomm\u00e9e nationale et internationale de Pole Dance.<\/p>\n\n\n\n<p>Pour faire reconna\u00eetre ses comp\u00e9tences, elle valide sa certification Xpert Pole fitness en septembre 2013.<\/p>\n\n\n\n<p>Depuis janvier 2015, Ingrid se lance dans la comp\u00e9tition.<\/p>\n\n\n\n<p>En mai 2024, Ingrid remporte la m\u00e9daille d&rsquo;or aux championnats de France de Pole Sport cat\u00e9gorie Elite Master Femme +40 et est s\u00e9lectionn\u00e9e pour la finale des championnats du monde IPSF o\u00f9 elle termine 10\u00e8me mondiale.<\/p>\n\n\n\n<p>En juillet 2023, Ingrid <a href=\"https:\/\/poleaerialsports.tv\/performance\/ingrid-lauroz-pole-sports-elite-master-40-women\/\">remporte la m\u00e9daille d&rsquo;or aux championnats de France de Pole Sports en cat\u00e9gorie Elite Master Femme +40<\/a> et est s\u00e9lectionn\u00e9e pour la finale des championnats du monde IPSF qui a lieu en<a href=\"https:\/\/www.youtube.com\/live\/LzVR_v1MWf8?si=6n74dLHGNXcS9FGU&amp;t=7840\" target=\"_blank\" rel=\"noreferrer noopener\"> octobre 2023 en Pologne o\u00f9 elle a fini 14\u00e8me<\/a><\/p>\n\n\n\n<p>En juillet 2023 Ingrid remporte la m\u00e9daille d&rsquo;or aux championnat de France de Pole Sports en cat\u00e9gorie Master Femme +40 et est s\u00e9lectionn\u00e9e pour la finale des championnats du monde IPSF <a href=\"https:\/\/youtu.be\/W6Rx6fwrngE\">o\u00f9 elle finit 19\u00e8me de sa cat\u00e9gorie.&nbsp;<\/a><\/p>\n\n\n\n<p class=\"has-text-align-center\">En Juin 2022, elle finit 3\u00e8me en cat\u00e9gorie Master 40+ aux championnat de France Interr\u00e9gion Sud de Pole dance qui a eu lieu \u00e0 Rognac&nbsp;<a href=\"https:\/\/youtu.be\/QlJf-gbFqWI\">aux championnat de France Interr\u00e9gion Sud de Pole dance qui a eu lieu \u00e0 Rognac<\/a><\/p>\n\n\n\n<p class=\"has-text-align-center\">Son petit truc en plus : son approche p\u00e9dagogique est de vous faire aimer la pole dance pour l\u2019adapter au maximum \u00e0 votre personne et vous amener \u00e0 la r\u00e9ussite.<\/p>\n\n\n\n<div style=\"height:30px\" aria-hidden=\"true\" class=\"wp-block-spacer\"><\/div>\n\n\n\n<p class=\"has-text-align-center has-sitebg-color has-accent-1-background-color has-text-color has-background has-normal-font-size\"><strong>Julie<\/strong><\/p>\n\n\n<div class=\"wp-block-image\">\n<figure class=\"aligncenter size-full\"><img loading=\"lazy\" decoding=\"async\" width=\"300\" height=\"300\" src=\"https:\/\/poledanceaddict.net\/site\/wp-content\/uploads\/2023\/09\/pda38_bulle_300_Julie.png\" alt=\"\" class=\"wp-image-2196\" srcset=\"https:\/\/poledanceaddict.net\/site\/wp-content\/uploads\/2023\/09\/pda38_bulle_300_Julie.png 300w, https:\/\/poledanceaddict.net\/site\/wp-content\/uploads\/2023\/09\/pda38_bulle_300_Julie-150x150.png 150w\" sizes=\"auto, (max-width: 300px) 100vw, 300px\" \/><\/figure>\n<\/div>\n\n\n<div style=\"height:10px\" aria-hidden=\"true\" class=\"wp-block-spacer\"><\/div>\n\n\n\n<p class=\"has-text-align-center\">Passionn\u00e9e de danse, <strong><mark style=\"background-color:rgba(0, 0, 0, 0)\" class=\"has-inline-color has-accent-1-color\">Julie <\/mark><\/strong>aime transmettre sa passion.<br>Ses cours sont un doux m\u00e9lange de tricks (figures de pole), spins et danse. <br>Si vous souhaitez apprendre \u00e0 enchainer joliment vos figures dans un cours plac\u00e9 sous le signe de la bonne humeur, vous adopterez sa p\u00e9dagogie \u00e0 coup s\u00fbr !<\/p>\n\n\n\n<p class=\"has-text-align-center\">Son petit truc en plus : un apprentissage pas \u00e0 pas, en douceur alliant technique et fluidit\u00e9.<\/p>\n\n\n\n<div style=\"height:30px\" aria-hidden=\"true\" class=\"wp-block-spacer\"><\/div>\n\n\n\n<p class=\"has-text-align-center has-sitebg-color has-accent-1-background-color has-text-color has-background has-normal-font-size\"><strong>Marion<\/strong><\/p>\n\n\n\n<div style=\"height:10px\" aria-hidden=\"true\" class=\"wp-block-spacer\"><\/div>\n\n\n\n<p class=\"has-text-align-center\">Passionn\u00e9e de pole dance depuis plusieurs ann\u00e9es, <strong><mark style=\"background-color:rgba(0, 0, 0, 0)\" class=\"has-inline-color has-accent-1-color\">Marion <\/mark><\/strong>vous accueillera avec douceur pour d\u00e9couvrir la pole dance. <\/p>\n\n\n\n<p class=\"has-text-align-center\">Son petit truc en plus : d\u2019une douceur in\u00e9galable, Marion accompagne avec brio les \u00e9l\u00e8ves d\u00e9butantes les plus timides.<\/p>\n\n\n<div class=\"wp-block-image\">\n<figure class=\"aligncenter size-full\"><img loading=\"lazy\" decoding=\"async\" width=\"300\" height=\"300\" src=\"https:\/\/poledanceaddict.net\/site\/wp-content\/uploads\/2023\/09\/pda38_bulle_300_Marion.png\" alt=\"\" class=\"wp-image-2201\" srcset=\"https:\/\/poledanceaddict.net\/site\/wp-content\/uploads\/2023\/09\/pda38_bulle_300_Marion.png 300w, https:\/\/poledanceaddict.net\/site\/wp-content\/uploads\/2023\/09\/pda38_bulle_300_Marion-150x150.png 150w\" sizes=\"auto, (max-width: 300px) 100vw, 300px\" \/><\/figure>\n<\/div>\n\n\n<div style=\"height:41px\" aria-hidden=\"true\" class=\"wp-block-spacer\"><\/div>\n\n\n\n<p class=\"has-text-align-center has-sitebg-color has-accent-1-background-color has-text-color has-background has-normal-font-size\"><strong>Sandrine<\/strong><\/p>\n\n\n<div class=\"wp-block-image\">\n<figure class=\"aligncenter size-full\"><img loading=\"lazy\" decoding=\"async\" width=\"300\" height=\"300\" src=\"https:\/\/poledanceaddict.net\/site\/wp-content\/uploads\/2023\/09\/pda38_bulle_300_Sandrine.png\" alt=\"\" class=\"wp-image-2213\" srcset=\"https:\/\/poledanceaddict.net\/site\/wp-content\/uploads\/2023\/09\/pda38_bulle_300_Sandrine.png 300w, https:\/\/poledanceaddict.net\/site\/wp-content\/uploads\/2023\/09\/pda38_bulle_300_Sandrine-150x150.png 150w\" sizes=\"auto, (max-width: 300px) 100vw, 300px\" \/><\/figure>\n<\/div>\n\n\n<div style=\"height:10px\" aria-hidden=\"true\" class=\"wp-block-spacer\"><\/div>\n\n\n\n<p class=\"has-text-align-center\">Sportive aguerrie, <strong><mark style=\"background-color:rgba(0, 0, 0, 0)\" class=\"has-inline-color has-accent-1-color\">Sandrine <\/mark><\/strong>saura vous accompagner dans l\u2019apprentissage de belles figures de pole.<br>Son cours est structur\u00e9 en une partie d\u2019approfondissement de travail technique, un combo et une petite partie dans\u00e9e.<\/p>\n\n\n\n<p class=\"has-text-align-center\">Son petit truc en plus : toujours encourageante, vous progressez et gagnez en confiance.<\/p>\n\n\n\n<div style=\"height:10px\" aria-hidden=\"true\" class=\"wp-block-spacer\"><\/div>\n\n\n\n<p class=\"has-text-align-center\"><\/p>\n","protected":false},"excerpt":{"rendered":"<p>Chez Pole Dance Addict, vos professeurs&nbsp;sont dipl\u00f4m\u00e9es en Pole Dance. Vous trouverez l\u2019assurance d\u2019un enseignement de qualit\u00e9 pour tous les niveaux, d\u2019un professionnalisme assurant une &hellip;<\/p>\n","protected":false},"author":4,"featured_media":0,"parent":0,"menu_order":0,"comment_status":"closed","ping_status":"closed","template":"","meta":{"footnotes":""},"class_list":["post-2148","page","type-page","status-publish","hentry"],"_links":{"self":[{"href":"https:\/\/poledanceaddict.net\/site\/index.php?rest_route=\/wp\/v2\/pages\/2148","targetHints":{"allow":["GET"]}}],"collection":[{"href":"https:\/\/poledanceaddict.net\/site\/index.php?rest_route=\/wp\/v2\/pages"}],"about":[{"href":"https:\/\/poledanceaddict.net\/site\/index.php?rest_route=\/wp\/v2\/types\/page"}],"author":[{"embeddable":true,"href":"https:\/\/poledanceaddict.net\/site\/index.php?rest_route=\/wp\/v2\/users\/4"}],"replies":[{"embeddable":true,"href":"https:\/\/poledanceaddict.net\/site\/index.php?rest_route=%2Fwp%2Fv2%2Fcomments&post=2148"}],"version-history":[{"count":39,"href":"https:\/\/poledanceaddict.net\/site\/index.php?rest_route=\/wp\/v2\/pages\/2148\/revisions"}],"predecessor-version":[{"id":2722,"href":"https:\/\/poledanceaddict.net\/site\/index.php?rest_route=\/wp\/v2\/pages\/2148\/revisions\/2722"}],"wp:attachment":[{"href":"https:\/\/poledanceaddict.net\/site\/index.php?rest_route=%2Fwp%2Fv2%2Fmedia&parent=2148"}],"curies":[{"name":"wp","href":"https:\/\/api.w.org\/{rel}","templated":true}]}}