{"id":2762,"date":"2025-04-29T22:25:12","date_gmt":"2025-04-29T21:25:12","guid":{"rendered":"https:\/\/poledanceaddict.net\/site\/?page_id=2762"},"modified":"2025-04-30T09:58:56","modified_gmt":"2025-04-30T08:58:56","slug":"pole-flow","status":"publish","type":"page","link":"https:\/\/poledanceaddict.net\/site\/?page_id=2762","title":{"rendered":"Les Cours de Pole Flow"},"content":{"rendered":"\n<h1 class=\"wp-block-heading\">Le Flow :<\/h1>\n\n\n\n<p>C&rsquo;est une discipline o\u00f9 la barre statique devient votre partenaire de mouvement. On y explore des chor\u00e9graphies m\u00ealant travail au sol (floorwork) et encha\u00eenements dans\u00e9s \u00e0 la barre, avec l\u2019accent sur la fluidit\u00e9, l\u2019expression corporelle&#8230;.et votre cardio!!!<br>Chaque cours est une immersion dans un univers chor\u00e9graphique, port\u00e9 par des musiques inspirantes, pour apprendre \u00e0 glisser, rouler, tourner\u2026. Un moment intense, artistique et lib\u00e9rateur.<\/p>\n\n\n\n<p>2 cr\u00e9neaux chaque semaine :<br>\u2022 Lundi \u00e0 19h30 \u2013 Meylan<br>\u2022 Lundi \u00e0 19h45 \u2013 Saint-\u00c9gr\u00e8ve<\/p>\n\n\n\n<figure class=\"wp-block-image size-full\"><img loading=\"lazy\" decoding=\"async\" width=\"1707\" height=\"2560\" src=\"https:\/\/poledanceaddict.net\/site\/wp-content\/uploads\/2025\/04\/N36A7812WEB-scaled.jpg\" alt=\"\" class=\"wp-image-2828\" srcset=\"https:\/\/poledanceaddict.net\/site\/wp-content\/uploads\/2025\/04\/N36A7812WEB-scaled.jpg 1707w, https:\/\/poledanceaddict.net\/site\/wp-content\/uploads\/2025\/04\/N36A7812WEB-200x300.jpg 200w, https:\/\/poledanceaddict.net\/site\/wp-content\/uploads\/2025\/04\/N36A7812WEB-683x1024.jpg 683w, https:\/\/poledanceaddict.net\/site\/wp-content\/uploads\/2025\/04\/N36A7812WEB-768x1152.jpg 768w, https:\/\/poledanceaddict.net\/site\/wp-content\/uploads\/2025\/04\/N36A7812WEB-1024x1536.jpg 1024w, https:\/\/poledanceaddict.net\/site\/wp-content\/uploads\/2025\/04\/N36A7812WEB-1366x2048.jpg 1366w\" sizes=\"auto, (max-width: 1707px) 100vw, 1707px\" \/><\/figure>\n\n\n\n<p><\/p>\n","protected":false},"excerpt":{"rendered":"<p>Le Flow : C&rsquo;est une discipline o\u00f9 la barre statique devient votre partenaire de mouvement. On y explore des chor\u00e9graphies m\u00ealant travail au sol (floorwork) &hellip;<\/p>\n","protected":false},"author":2,"featured_media":0,"parent":0,"menu_order":0,"comment_status":"closed","ping_status":"closed","template":"","meta":{"footnotes":""},"class_list":["post-2762","page","type-page","status-publish","hentry"],"_links":{"self":[{"href":"https:\/\/poledanceaddict.net\/site\/index.php?rest_route=\/wp\/v2\/pages\/2762","targetHints":{"allow":["GET"]}}],"collection":[{"href":"https:\/\/poledanceaddict.net\/site\/index.php?rest_route=\/wp\/v2\/pages"}],"about":[{"href":"https:\/\/poledanceaddict.net\/site\/index.php?rest_route=\/wp\/v2\/types\/page"}],"author":[{"embeddable":true,"href":"https:\/\/poledanceaddict.net\/site\/index.php?rest_route=\/wp\/v2\/users\/2"}],"replies":[{"embeddable":true,"href":"https:\/\/poledanceaddict.net\/site\/index.php?rest_route=%2Fwp%2Fv2%2Fcomments&post=2762"}],"version-history":[{"count":7,"href":"https:\/\/poledanceaddict.net\/site\/index.php?rest_route=\/wp\/v2\/pages\/2762\/revisions"}],"predecessor-version":[{"id":2831,"href":"https:\/\/poledanceaddict.net\/site\/index.php?rest_route=\/wp\/v2\/pages\/2762\/revisions\/2831"}],"wp:attachment":[{"href":"https:\/\/poledanceaddict.net\/site\/index.php?rest_route=%2Fwp%2Fv2%2Fmedia&parent=2762"}],"curies":[{"name":"wp","href":"https:\/\/api.w.org\/{rel}","templated":true}]}}