{"id":278,"date":"2015-08-28T08:48:44","date_gmt":"2015-08-28T06:48:44","guid":{"rendered":"http:\/\/poledanceaddict.net\/site\/?page_id=278"},"modified":"2016-05-23T10:59:31","modified_gmt":"2016-05-23T08:59:31","slug":"prestations","status":"publish","type":"page","link":"https:\/\/poledanceaddict.net\/site\/?page_id=278","title":{"rendered":"Prestations"},"content":{"rendered":"<p>Dans ces onglets\u00a0retrouvez toutes les informations concernant :<\/p>\n<p>Les\u00a0<a href=\"http:\/\/poledanceaddict.net\/site\/?page_id=175\">Enterrements de vie de jeunes filles, enterrements de vie de jeunes gar\u00e7ons, anniversaire, soir\u00e9e entre amies\/amis, privatisation de la salle<\/a>. Nous serons ravies de vous accueillir pour tous les moments festifs et de partages que vous souhaitez !!<\/p>\n<p>Les shows, spectacles et d\u00e9monstrations : vous souhaitez nous mandater pour une d\u00e9monstration priv\u00e9e ou assister \u00e0 un de nos spectacles, les informations sont disponibles <a href=\"http:\/\/poledanceaddict.net\/site\/?page_id=296\">ici<\/a><\/p>\n<p>\u00a0<\/p>\n<p>\u00a0<\/p>\n","protected":false},"excerpt":{"rendered":"<p>Dans ces onglets\u00a0retrouvez toutes les informations concernant : Les\u00a0Enterrements de vie de jeunes filles, enterrements de vie de jeunes gar\u00e7ons, anniversaire, soir\u00e9e entre amies\/amis, privatisation &hellip;<\/p>\n","protected":false},"author":1,"featured_media":0,"parent":0,"menu_order":0,"comment_status":"closed","ping_status":"closed","template":"","meta":{"footnotes":""},"class_list":["post-278","page","type-page","status-publish","hentry"],"_links":{"self":[{"href":"https:\/\/poledanceaddict.net\/site\/index.php?rest_route=\/wp\/v2\/pages\/278","targetHints":{"allow":["GET"]}}],"collection":[{"href":"https:\/\/poledanceaddict.net\/site\/index.php?rest_route=\/wp\/v2\/pages"}],"about":[{"href":"https:\/\/poledanceaddict.net\/site\/index.php?rest_route=\/wp\/v2\/types\/page"}],"author":[{"embeddable":true,"href":"https:\/\/poledanceaddict.net\/site\/index.php?rest_route=\/wp\/v2\/users\/1"}],"replies":[{"embeddable":true,"href":"https:\/\/poledanceaddict.net\/site\/index.php?rest_route=%2Fwp%2Fv2%2Fcomments&post=278"}],"version-history":[{"count":3,"href":"https:\/\/poledanceaddict.net\/site\/index.php?rest_route=\/wp\/v2\/pages\/278\/revisions"}],"predecessor-version":[{"id":776,"href":"https:\/\/poledanceaddict.net\/site\/index.php?rest_route=\/wp\/v2\/pages\/278\/revisions\/776"}],"wp:attachment":[{"href":"https:\/\/poledanceaddict.net\/site\/index.php?rest_route=%2Fwp%2Fv2%2Fmedia&parent=278"}],"curies":[{"name":"wp","href":"https:\/\/api.w.org\/{rel}","templated":true}]}}