{"id":2841,"date":"2025-04-30T10:36:57","date_gmt":"2025-04-30T09:36:57","guid":{"rendered":"https:\/\/poledanceaddict.net\/site\/?page_id=2841"},"modified":"2025-04-30T10:36:58","modified_gmt":"2025-04-30T09:36:58","slug":"les-cours-de-cerceau","status":"publish","type":"page","link":"https:\/\/poledanceaddict.net\/site\/?page_id=2841","title":{"rendered":"Les cours de Cerceau"},"content":{"rendered":"\n<p>CERCEAU A\u00c9RIEN<\/p>\n\n\n\n<p>Gr\u00e2ce, force et l\u00e9g\u00e8ret\u00e9<\/p>\n\n\n\n<p>Le cerceau a\u00e9rien (ou aerial hoop) est une discipline artistique et acrobatique \u00e0 mi-chemin entre la danse et le cirque. Suspendue\u00b7e dans les airs, vous apprendrez \u00e0 encha\u00eener figures, \u00e9quilibres et mouvements fluides autour du cerceau, avec toujours une touche de gr\u00e2ce et de contr\u00f4le.<\/p>\n\n\n\n<p>C\u2019est un excellent compl\u00e9ment \u00e0 la pole dance : on y d\u00e9veloppe la force du haut du corps, la souplesse, la coordination et la conscience corporelle.<br>Accessible \u00e0 toutes et tous, m\u00eame sans exp\u00e9rience a\u00e9rienne pr\u00e9alable !<\/p>\n\n\n\n<ul class=\"wp-block-list\">\n<li>\u00c0 Meylan \u2013 tous les mardis \u00e0 18h15<\/li>\n\n\n\n<li>\u00c0 Saint-\u00c9gr\u00e8ve \u2013 tous les jeudis \u00e0 18h<\/li>\n\n\n\n<li>Ouvert \u00e0 tous les niveaux<\/li>\n<\/ul>\n\n\n\n<figure class=\"wp-block-image size-large\"><img loading=\"lazy\" decoding=\"async\" width=\"866\" height=\"1024\" src=\"https:\/\/poledanceaddict.net\/site\/wp-content\/uploads\/2025\/04\/Capture-decran-2025-04-30-a-11.19.20-866x1024.png\" alt=\"\" class=\"wp-image-2842\" srcset=\"https:\/\/poledanceaddict.net\/site\/wp-content\/uploads\/2025\/04\/Capture-decran-2025-04-30-a-11.19.20-866x1024.png 866w, https:\/\/poledanceaddict.net\/site\/wp-content\/uploads\/2025\/04\/Capture-decran-2025-04-30-a-11.19.20-254x300.png 254w, https:\/\/poledanceaddict.net\/site\/wp-content\/uploads\/2025\/04\/Capture-decran-2025-04-30-a-11.19.20-768x908.png 768w, https:\/\/poledanceaddict.net\/site\/wp-content\/uploads\/2025\/04\/Capture-decran-2025-04-30-a-11.19.20.png 1108w\" sizes=\"auto, (max-width: 866px) 100vw, 866px\" \/><\/figure>\n","protected":false},"excerpt":{"rendered":"<p>CERCEAU A\u00c9RIEN Gr\u00e2ce, force et l\u00e9g\u00e8ret\u00e9 Le cerceau a\u00e9rien (ou aerial hoop) est une discipline artistique et acrobatique \u00e0 mi-chemin entre la danse et le &hellip;<\/p>\n","protected":false},"author":2,"featured_media":0,"parent":0,"menu_order":0,"comment_status":"closed","ping_status":"closed","template":"","meta":{"footnotes":""},"class_list":["post-2841","page","type-page","status-publish","hentry"],"_links":{"self":[{"href":"https:\/\/poledanceaddict.net\/site\/index.php?rest_route=\/wp\/v2\/pages\/2841","targetHints":{"allow":["GET"]}}],"collection":[{"href":"https:\/\/poledanceaddict.net\/site\/index.php?rest_route=\/wp\/v2\/pages"}],"about":[{"href":"https:\/\/poledanceaddict.net\/site\/index.php?rest_route=\/wp\/v2\/types\/page"}],"author":[{"embeddable":true,"href":"https:\/\/poledanceaddict.net\/site\/index.php?rest_route=\/wp\/v2\/users\/2"}],"replies":[{"embeddable":true,"href":"https:\/\/poledanceaddict.net\/site\/index.php?rest_route=%2Fwp%2Fv2%2Fcomments&post=2841"}],"version-history":[{"count":1,"href":"https:\/\/poledanceaddict.net\/site\/index.php?rest_route=\/wp\/v2\/pages\/2841\/revisions"}],"predecessor-version":[{"id":2843,"href":"https:\/\/poledanceaddict.net\/site\/index.php?rest_route=\/wp\/v2\/pages\/2841\/revisions\/2843"}],"wp:attachment":[{"href":"https:\/\/poledanceaddict.net\/site\/index.php?rest_route=%2Fwp%2Fv2%2Fmedia&parent=2841"}],"curies":[{"name":"wp","href":"https:\/\/api.w.org\/{rel}","templated":true}]}}