{"id":286,"date":"2015-08-28T08:53:18","date_gmt":"2015-08-28T06:53:18","guid":{"rendered":"http:\/\/poledanceaddict.net\/site\/?page_id=286"},"modified":"2026-04-24T13:15:17","modified_gmt":"2026-04-24T12:15:17","slug":"planning","status":"publish","type":"page","link":"https:\/\/poledanceaddict.net\/site\/?page_id=286","title":{"rendered":"Nos Plannings"},"content":{"rendered":"\n<p class=\"has-text-align-center has-sitebg-color has-accent-1-background-color has-text-color has-background\"><strong>Vous \u00eates d\u00e9butante<\/strong> ? N&rsquo;h\u00e9sitez pas \u00e0 tester la pole dance lors de nos stages initiations ou lors des cours hebdomadaires contenant le niveau 1<\/p>\n\n\n\n<div class=\"wp-block-group is-content-justification-center is-nowrap is-layout-flex wp-container-core-group-is-layout-94bc23d7 wp-block-group-is-layout-flex\">\n<div class=\"wp-block-buttons is-layout-flex wp-block-buttons-is-layout-flex\">\n<div class=\"wp-block-button\"><a class=\"wp-block-button__link has-white-color has-text-color has-background wp-element-button\" href=\"https:\/\/poledanceaddict.net\/site\/?page_id=1931\" style=\"border-radius:100px;background-color:#a2c817\">      <mark style=\"background-color:rgba(0, 0, 0, 0)\" class=\"has-inline-color has-sitebg-color\">R\u00e9server <\/mark>     <\/a><\/div>\n<\/div>\n\n\n\n<div class=\"wp-block-buttons is-layout-flex wp-block-buttons-is-layout-flex\"><\/div>\n<\/div>\n\n\n\n<p class=\"has-text-align-center has-sitebg-color has-accent-2-background-color has-text-color has-background\"><strong>Plannings de Janvier \u00e0 Juin 2025: <\/strong><\/p>\n\n\n\n<p class=\"has-text-align-center\">Les <strong>inscriptions sont ouvertes toute l&rsquo;ann\u00e9e<\/strong>\u00a0m\u00eame si vous \u00eates novice, alors osez la d\u00e9couverte et venez essayer la pole dance!!!<\/p>\n\n\n\n<p>Les cours sont organis\u00e9s par niveaux de novice (=niveau 1 pour celles qui n&rsquo;en ont jamais fait), au niveau avanc\u00e9 niveau 6. <\/p>\n\n\n\n<p><strong>Si vous d\u00e9butez choisissez un cours niveau 1 ou niveau 1-2-3 ou tous niveaux ou le stage d\u00e9couverte. <\/strong><\/p>\n\n\n\n<figure class=\"wp-block-image size-large\"><img loading=\"lazy\" decoding=\"async\" width=\"1024\" height=\"786\" src=\"https:\/\/poledanceaddict.net\/site\/wp-content\/uploads\/2025\/09\/202526PlanningMeylan-1024x786.png\" alt=\"\" class=\"wp-image-2929\" srcset=\"https:\/\/poledanceaddict.net\/site\/wp-content\/uploads\/2025\/09\/202526PlanningMeylan-1024x786.png 1024w, https:\/\/poledanceaddict.net\/site\/wp-content\/uploads\/2025\/09\/202526PlanningMeylan-300x230.png 300w, https:\/\/poledanceaddict.net\/site\/wp-content\/uploads\/2025\/09\/202526PlanningMeylan-768x590.png 768w, https:\/\/poledanceaddict.net\/site\/wp-content\/uploads\/2025\/09\/202526PlanningMeylan-1536x1179.png 1536w, https:\/\/poledanceaddict.net\/site\/wp-content\/uploads\/2025\/09\/202526PlanningMeylan-391x300.png 391w, https:\/\/poledanceaddict.net\/site\/wp-content\/uploads\/2025\/09\/202526PlanningMeylan.png 1654w\" sizes=\"auto, (max-width: 1024px) 100vw, 1024px\" \/><\/figure>\n\n\n\n<figure class=\"wp-block-image size-large is-resized\"><img loading=\"lazy\" decoding=\"async\" width=\"1024\" height=\"757\" src=\"https:\/\/poledanceaddict.net\/site\/wp-content\/uploads\/2025\/09\/202526-PlanningSE-1024x757.png\" alt=\"\" class=\"wp-image-2930\" style=\"aspect-ratio:1.3708165997322623;width:1241px;height:auto\" srcset=\"https:\/\/poledanceaddict.net\/site\/wp-content\/uploads\/2025\/09\/202526-PlanningSE-1024x757.png 1024w, https:\/\/poledanceaddict.net\/site\/wp-content\/uploads\/2025\/09\/202526-PlanningSE-300x222.png 300w, https:\/\/poledanceaddict.net\/site\/wp-content\/uploads\/2025\/09\/202526-PlanningSE-768x568.png 768w, https:\/\/poledanceaddict.net\/site\/wp-content\/uploads\/2025\/09\/202526-PlanningSE-1536x1135.png 1536w, https:\/\/poledanceaddict.net\/site\/wp-content\/uploads\/2025\/09\/202526-PlanningSE-2048x1514.png 2048w, https:\/\/poledanceaddict.net\/site\/wp-content\/uploads\/2025\/09\/202526-PlanningSE-406x300.png 406w\" sizes=\"auto, (max-width: 1024px) 100vw, 1024px\" \/><\/figure>\n\n\n<div class=\"wp-block-image\">\n<figure class=\"aligncenter size-large is-resized\"><img loading=\"lazy\" decoding=\"async\" width=\"1024\" height=\"762\" src=\"https:\/\/poledanceaddict.net\/site\/wp-content\/uploads\/2025\/09\/202526PlanningClaix-1024x762.png\" alt=\"\" class=\"wp-image-2931\" style=\"aspect-ratio:1.389416553595658;width:1057px;height:auto\" srcset=\"https:\/\/poledanceaddict.net\/site\/wp-content\/uploads\/2025\/09\/202526PlanningClaix-1024x762.png 1024w, https:\/\/poledanceaddict.net\/site\/wp-content\/uploads\/2025\/09\/202526PlanningClaix-300x223.png 300w, https:\/\/poledanceaddict.net\/site\/wp-content\/uploads\/2025\/09\/202526PlanningClaix-768x571.png 768w, https:\/\/poledanceaddict.net\/site\/wp-content\/uploads\/2025\/09\/202526PlanningClaix-1536x1143.png 1536w, https:\/\/poledanceaddict.net\/site\/wp-content\/uploads\/2025\/09\/202526PlanningClaix-403x300.png 403w, https:\/\/poledanceaddict.net\/site\/wp-content\/uploads\/2025\/09\/202526PlanningClaix.png 1960w\" sizes=\"auto, (max-width: 1024px) 100vw, 1024px\" \/><\/figure>\n<\/div>\n\n<div class=\"wp-block-image\">\n<figure class=\"aligncenter size-full\"><img loading=\"lazy\" decoding=\"async\" width=\"200\" height=\"200\" src=\"https:\/\/poledanceaddict.net\/site\/wp-content\/uploads\/2023\/09\/pda38_bulle_200_32.png\" alt=\"\" class=\"wp-image-2105\" srcset=\"https:\/\/poledanceaddict.net\/site\/wp-content\/uploads\/2023\/09\/pda38_bulle_200_32.png 200w, https:\/\/poledanceaddict.net\/site\/wp-content\/uploads\/2023\/09\/pda38_bulle_200_32-150x150.png 150w\" sizes=\"auto, (max-width: 200px) 100vw, 200px\" \/><\/figure>\n<\/div>\n\n\n<div style=\"height:40px\" aria-hidden=\"true\" class=\"wp-block-spacer\"><\/div>\n\n\n\n<div data-wp-interactive=\"core\/file\" class=\"wp-block-file\"><object data-wp-bind--hidden=\"!state.hasPdfPreview\" hidden class=\"wp-block-file__embed\" data=\"https:\/\/poledanceaddict.net\/site\/wp-content\/uploads\/2025\/09\/2025PlanningRentreeMeylan.pdf\" type=\"application\/pdf\" style=\"width:100%;height:600px\" aria-label=\"Contenu embarqu\u00e9 2025PlanningRentreeMeylan.\"><\/object><a id=\"wp-block-file--media-e04e53c2-d687-47cd-82ad-9a65b9ed58a2\" href=\"https:\/\/poledanceaddict.net\/site\/wp-content\/uploads\/2025\/09\/2025PlanningRentreeMeylan.pdf\">2025PlanningRentreeMeylan<\/a><a href=\"https:\/\/poledanceaddict.net\/site\/wp-content\/uploads\/2025\/09\/2025PlanningRentreeMeylan.pdf\" class=\"wp-block-file__button wp-element-button\" download aria-describedby=\"wp-block-file--media-e04e53c2-d687-47cd-82ad-9a65b9ed58a2\">T\u00e9l\u00e9charger<\/a><\/div>\n\n\n\n<div data-wp-interactive=\"core\/file\" class=\"wp-block-file\"><object data-wp-bind--hidden=\"!state.hasPdfPreview\" hidden class=\"wp-block-file__embed\" data=\"https:\/\/poledanceaddict.net\/site\/wp-content\/uploads\/2025\/09\/2025PlanningRentreeSaintEGr.pdf\" type=\"application\/pdf\" style=\"width:100%;height:600px\" aria-label=\"Contenu embarqu\u00e9 2025PlanningRentreeSaintEGr.\"><\/object><a id=\"wp-block-file--media-c80d8aa2-7f11-4106-9de7-1b46e4c091d3\" href=\"https:\/\/poledanceaddict.net\/site\/wp-content\/uploads\/2025\/09\/2025PlanningRentreeSaintEGr.pdf\">2025PlanningRentreeSaintEGr<\/a><a href=\"https:\/\/poledanceaddict.net\/site\/wp-content\/uploads\/2025\/09\/2025PlanningRentreeSaintEGr.pdf\" class=\"wp-block-file__button wp-element-button\" download aria-describedby=\"wp-block-file--media-c80d8aa2-7f11-4106-9de7-1b46e4c091d3\">T\u00e9l\u00e9charger<\/a><\/div>\n\n\n\n<div class=\"wp-block-group\"><div class=\"wp-block-group__inner-container is-layout-constrained wp-block-group-is-layout-constrained\">\n<div data-wp-interactive=\"core\/file\" class=\"wp-block-file\"><object data-wp-bind--hidden=\"!state.hasPdfPreview\" hidden class=\"wp-block-file__embed\" data=\"https:\/\/poledanceaddict.net\/site\/wp-content\/uploads\/2025\/09\/2025PlanningRentreeClaixV1.pdf\" type=\"application\/pdf\" style=\"width:100%;height:600px\" aria-label=\"Contenu embarqu\u00e9 2025PlanningRentreeClaixV1.\"><\/object><a id=\"wp-block-file--media-886ded0a-9977-4c14-a899-43aa498d6907\" href=\"https:\/\/poledanceaddict.net\/site\/wp-content\/uploads\/2025\/09\/2025PlanningRentreeClaixV1.pdf\">2025PlanningRentreeClaixV1<\/a><a href=\"https:\/\/poledanceaddict.net\/site\/wp-content\/uploads\/2025\/09\/2025PlanningRentreeClaixV1.pdf\" class=\"wp-block-file__button wp-element-button\" download aria-describedby=\"wp-block-file--media-886ded0a-9977-4c14-a899-43aa498d6907\">T\u00e9l\u00e9charger<\/a><\/div>\n<\/div><\/div>\n","protected":false},"excerpt":{"rendered":"<p>Vous \u00eates d\u00e9butante ? N&rsquo;h\u00e9sitez pas \u00e0 tester la pole dance lors de nos stages initiations ou lors des cours hebdomadaires contenant le niveau 1 &hellip;<\/p>\n","protected":false},"author":1,"featured_media":0,"parent":284,"menu_order":0,"comment_status":"closed","ping_status":"closed","template":"","meta":{"footnotes":""},"class_list":["post-286","page","type-page","status-publish","hentry"],"_links":{"self":[{"href":"https:\/\/poledanceaddict.net\/site\/index.php?rest_route=\/wp\/v2\/pages\/286","targetHints":{"allow":["GET"]}}],"collection":[{"href":"https:\/\/poledanceaddict.net\/site\/index.php?rest_route=\/wp\/v2\/pages"}],"about":[{"href":"https:\/\/poledanceaddict.net\/site\/index.php?rest_route=\/wp\/v2\/types\/page"}],"author":[{"embeddable":true,"href":"https:\/\/poledanceaddict.net\/site\/index.php?rest_route=\/wp\/v2\/users\/1"}],"replies":[{"embeddable":true,"href":"https:\/\/poledanceaddict.net\/site\/index.php?rest_route=%2Fwp%2Fv2%2Fcomments&post=286"}],"version-history":[{"count":132,"href":"https:\/\/poledanceaddict.net\/site\/index.php?rest_route=\/wp\/v2\/pages\/286\/revisions"}],"predecessor-version":[{"id":3064,"href":"https:\/\/poledanceaddict.net\/site\/index.php?rest_route=\/wp\/v2\/pages\/286\/revisions\/3064"}],"up":[{"embeddable":true,"href":"https:\/\/poledanceaddict.net\/site\/index.php?rest_route=\/wp\/v2\/pages\/284"}],"wp:attachment":[{"href":"https:\/\/poledanceaddict.net\/site\/index.php?rest_route=%2Fwp%2Fv2%2Fmedia&parent=286"}],"curies":[{"name":"wp","href":"https:\/\/api.w.org\/{rel}","templated":true}]}}