{"id":296,"date":"2015-08-28T09:01:48","date_gmt":"2015-08-28T07:01:48","guid":{"rendered":"http:\/\/poledanceaddict.net\/site\/?page_id=296"},"modified":"2025-04-29T22:35:25","modified_gmt":"2025-04-29T21:35:25","slug":"shows-spectacles-et-demonstrations-de-pole-dance","status":"publish","type":"page","link":"https:\/\/poledanceaddict.net\/site\/?page_id=296","title":{"rendered":"Shows"},"content":{"rendered":"\n<figure class=\"wp-block-gallery has-nested-images columns-default is-cropped wp-block-gallery-1 is-layout-flex wp-block-gallery-is-layout-flex\">\n<figure class=\"wp-block-image\"><img loading=\"lazy\" decoding=\"async\" width=\"200\" height=\"200\" data-id=\"1319\" src=\"https:\/\/poledanceaddict.net\/site\/wp-content\/uploads\/2020\/02\/DEMO-CASINO.jpg\" alt=\"\" class=\"wp-image-1319\" srcset=\"https:\/\/poledanceaddict.net\/site\/wp-content\/uploads\/2020\/02\/DEMO-CASINO.jpg 200w, https:\/\/poledanceaddict.net\/site\/wp-content\/uploads\/2020\/02\/DEMO-CASINO-150x150.jpg 150w\" sizes=\"auto, (max-width: 200px) 100vw, 200px\" \/><\/figure>\n\n\n\n<figure class=\"wp-block-image\"><img loading=\"lazy\" decoding=\"async\" width=\"200\" height=\"200\" data-id=\"1320\" src=\"https:\/\/poledanceaddict.net\/site\/wp-content\/uploads\/2020\/02\/DEMO-CASI.jpg\" alt=\"\" class=\"wp-image-1320\" srcset=\"https:\/\/poledanceaddict.net\/site\/wp-content\/uploads\/2020\/02\/DEMO-CASI.jpg 200w, https:\/\/poledanceaddict.net\/site\/wp-content\/uploads\/2020\/02\/DEMO-CASI-150x150.jpg 150w\" sizes=\"auto, (max-width: 200px) 100vw, 200px\" \/><\/figure>\n<\/figure>\n\n\n<p><em>Lors d&rsquo;une f\u00eate de C.E., une soir\u00e9e, un anniversaire, ou tout autre\u00a0\u00e9v\u00e9nement, vous\u00a0souhaitez offrir \u00e0 vos invit\u00e9s une prestation hors norme ? Nous serions ravies de cr\u00e9er la surprise en vous proposant nos shows de Pole Dance, n&rsquo;h\u00e9sitez plus, contactez nous pour une <a href=\"http:\/\/poledanceaddict.net\/site\/?page_id=500\" target=\"_blank\" rel=\"noopener noreferrer\">demande de devis<\/a>.\u00a0Notre mobilit\u00e9 est nationale.<\/em><\/p>\n<ul>\n<li>Nous vous proposons de d\u00e9couvrir la pole dance de fa\u00e7on sportive, ou dans\u00e9e, \u00a0en solo, en duo ou en groupe.<\/li>\n<li>Notre \u00e9cole est pleine de dynamisme. La passion de ce merveilleux sport nous anime !<\/li>\n<\/ul>\n<ul>\n<li><strong>D\u00e9monstrations pour vos soir\u00e9es de galas, anniversaire&#8230;<\/strong><\/li>\n<\/ul>\n<p>La pole dance est une discipline qui a le vent en poupe. Cr\u00e9ez la surprise en animant\u00a0votre soir\u00e9e gr\u00e2ce \u00e0\u00a0notre\u00a0venue . <a href=\"https:\/\/youtu.be\/VqQvVfr27K4?si=fmWv9dgBai35eL2W\" target=\"_blank\" rel=\"noopener\">Le show sera assur\u00e9 !!<\/a><\/p>\n<p><a href=\"https:\/\/poledanceaddict.net\/site\/?attachment_id=2400\"><img loading=\"lazy\" decoding=\"async\" class=\"aligncenter wp-image-2400 size-medium\" src=\"https:\/\/poledanceaddict.net\/site\/wp-content\/uploads\/2024\/07\/IMG_2315-300x213.jpg\" alt=\"\" width=\"300\" height=\"213\" srcset=\"https:\/\/poledanceaddict.net\/site\/wp-content\/uploads\/2024\/07\/IMG_2315-300x213.jpg 300w, https:\/\/poledanceaddict.net\/site\/wp-content\/uploads\/2024\/07\/IMG_2315-768x545.jpg 768w, https:\/\/poledanceaddict.net\/site\/wp-content\/uploads\/2024\/07\/IMG_2315-423x300.jpg 423w, https:\/\/poledanceaddict.net\/site\/wp-content\/uploads\/2024\/07\/IMG_2315.jpg 960w\" sizes=\"auto, (max-width: 300px) 100vw, 300px\" \/><\/a><\/p>\n<ul>\n<li><strong>D\u00e9monstrations en plein air, manifestations publiques et de bienfaisance<\/strong><\/li>\n<\/ul>\n<p>Pole Dance Addict participe pour le plaisir, le prestige \u00a0et le dynamisme de l&rsquo;\u00e9cole \u00e0 bon nombre d&rsquo;exhibition en ext\u00e9rieur comme ci dessous qui peuvent \u00eatre de bonnes occasions de faire d\u00e9couvrir et partager notre passion. La prochaine pr\u00e9vue sera aux \u00ab\u00a0jeudis et vendredis de la danse\u00a0\u00bb le vendredi 31 ao\u00fbt 2018 \u00e0 l&rsquo;arriv\u00e9e du t\u00e9l\u00e9ph\u00e9rique de la Bastille , cela peut \u00eatre l&rsquo;occasion de nous d\u00e9couvrir. et d&rsquo;essayer sans stress !!<\/p>\n<p><a href=\"http:\/\/poledanceaddict.net\/site\/wp-content\/uploads\/2015\/08\/POLE-DANCE-ADDICT-023.jpg\" data-rel=\"lightbox-image-0\" data-rl_title=\"\" data-rl_caption=\"\" title=\"\"><img loading=\"lazy\" decoding=\"async\" class=\"wp-image-348 size-thumbnail alignright\" src=\"http:\/\/poledanceaddict.net\/site\/wp-content\/uploads\/2015\/08\/POLE-DANCE-ADDICT-023-150x150.jpg\" alt=\"POLE DANCE ADDICT ! 023\" width=\"150\" height=\"150\" \/><\/a><a href=\"http:\/\/poledanceaddict.net\/site\/wp-content\/uploads\/2015\/08\/DSF1950.jpg\" data-rel=\"lightbox-image-1\" data-rl_title=\"\" data-rl_caption=\"\" title=\"\"><img loading=\"lazy\" decoding=\"async\" class=\"alignleft wp-image-607 \" src=\"http:\/\/poledanceaddict.net\/site\/wp-content\/uploads\/2015\/08\/DSF1950-225x300.jpg\" alt=\"\" width=\"124\" height=\"165\" srcset=\"https:\/\/poledanceaddict.net\/site\/wp-content\/uploads\/2015\/08\/DSF1950-225x300.jpg 225w, https:\/\/poledanceaddict.net\/site\/wp-content\/uploads\/2015\/08\/DSF1950-768x1024.jpg 768w\" sizes=\"auto, (max-width: 124px) 100vw, 124px\" \/><\/a><\/p>\n<p style=\"text-align: center;\">Au parc Paul Mistral et \u00e0 la Bastille<\/p>\n<p>\u00a0<\/p>\n<p>\u00a0<\/p>\n<p>\u00a0<\/p>\n<p>\u00a0<\/p>\n<ul>\n<li><strong>Spectacle de fin d&rsquo;ann\u00e9e de l&rsquo;\u00e9cole<\/strong><\/li>\n<\/ul>\n<p>Chaque ann\u00e9e avant les vacances d&rsquo;\u00e9t\u00e9, l&rsquo;\u00e9cole ouvre ses portes pour le spectacle de fin d&rsquo;ann\u00e9e. Cette ann\u00e9e, il a eu lieu le 15 juin\u00a0 \u00e0 Sassenage (\u00e9cole de danse Grimaldi).\u00a0<\/p>\n<p><a href=\"https:\/\/www.youtube.com\/@poledanceaddict38\">Sur notre chaine Youtube<\/a>, vous y retrouverez nos \u00e9l\u00e8ves qui ont souhait\u00e9es participer. Les amis et la famille \u00a0ont \u00e9t\u00e9 \u00e0 chaque \u00e9dition \u00e9tonnamment surpris du niveau de leur proche et de la qualit\u00e9 des prestations. Nous-m\u00eames sommes \u00e0 chaque fois admiratives et fi\u00e8res de voir le beau travail accompli par nos jolies \u00e9l\u00e8ves (par exemple <a href=\"https:\/\/youtu.be\/hNFhS4abgfE?si=cspYFoeMxawAB7zP\" target=\"_blank\" rel=\"noopener noreferrer\">ici<\/a>\u00a0)<\/p>\n<p><a href=\"https:\/\/poledanceaddict.net\/site\/?attachment_id=2401\"><img loading=\"lazy\" decoding=\"async\" class=\"aligncenter wp-image-2401 size-medium\" src=\"https:\/\/poledanceaddict.net\/site\/wp-content\/uploads\/2024\/07\/IMG_2111-2-300x119.jpg\" alt=\"\" width=\"300\" height=\"119\" srcset=\"https:\/\/poledanceaddict.net\/site\/wp-content\/uploads\/2024\/07\/IMG_2111-2-300x119.jpg 300w, https:\/\/poledanceaddict.net\/site\/wp-content\/uploads\/2024\/07\/IMG_2111-2-768x303.jpg 768w, https:\/\/poledanceaddict.net\/site\/wp-content\/uploads\/2024\/07\/IMG_2111-2-496x196.jpg 496w, https:\/\/poledanceaddict.net\/site\/wp-content\/uploads\/2024\/07\/IMG_2111-2.jpg 1000w\" sizes=\"auto, (max-width: 300px) 100vw, 300px\" \/><\/a><\/p>\n<p>Nous annon\u00e7ons aussi sur notre page d&rsquo;accueil et nos r\u00e9seaux nos prochains shows :<\/p>\n<p><a href=\"https:\/\/www.facebook.com\/Poledanceaddict38\/\" target=\"_blank\" rel=\"noopener noreferrer\">facebook Meylan<\/a> <a href=\"https:\/\/www.instagram.com\/pole_dance_addict\/\" target=\"_blank\" rel=\"noopener\">Insta Meylan<\/a>, <a href=\"https:\/\/www.instagram.com\/pole_dance_addict_saint_egreve\/\" target=\"_blank\" rel=\"noopener\">Insta Saint Egr\u00e8ve<\/a>, <a href=\"https:\/\/www.facebook.com\/profile.php?id=61560355738712\" target=\"_blank\" rel=\"noopener\">Facebook Saint Egr\u00e8ve<\/a><\/p>\n<p>A tr\u00e8s vite!!<\/p>","protected":false},"excerpt":{"rendered":"<p>Lors d&rsquo;une f\u00eate de C.E., une soir\u00e9e, un anniversaire, ou tout autre\u00a0\u00e9v\u00e9nement, vous\u00a0souhaitez offrir \u00e0 vos invit\u00e9s une prestation hors norme ? Nous serions ravies &hellip;<\/p>\n","protected":false},"author":1,"featured_media":0,"parent":278,"menu_order":0,"comment_status":"closed","ping_status":"closed","template":"","meta":{"footnotes":""},"class_list":["post-296","page","type-page","status-publish","hentry"],"_links":{"self":[{"href":"https:\/\/poledanceaddict.net\/site\/index.php?rest_route=\/wp\/v2\/pages\/296","targetHints":{"allow":["GET"]}}],"collection":[{"href":"https:\/\/poledanceaddict.net\/site\/index.php?rest_route=\/wp\/v2\/pages"}],"about":[{"href":"https:\/\/poledanceaddict.net\/site\/index.php?rest_route=\/wp\/v2\/types\/page"}],"author":[{"embeddable":true,"href":"https:\/\/poledanceaddict.net\/site\/index.php?rest_route=\/wp\/v2\/users\/1"}],"replies":[{"embeddable":true,"href":"https:\/\/poledanceaddict.net\/site\/index.php?rest_route=%2Fwp%2Fv2%2Fcomments&post=296"}],"version-history":[{"count":20,"href":"https:\/\/poledanceaddict.net\/site\/index.php?rest_route=\/wp\/v2\/pages\/296\/revisions"}],"predecessor-version":[{"id":2767,"href":"https:\/\/poledanceaddict.net\/site\/index.php?rest_route=\/wp\/v2\/pages\/296\/revisions\/2767"}],"up":[{"embeddable":true,"href":"https:\/\/poledanceaddict.net\/site\/index.php?rest_route=\/wp\/v2\/pages\/278"}],"wp:attachment":[{"href":"https:\/\/poledanceaddict.net\/site\/index.php?rest_route=%2Fwp%2Fv2%2Fmedia&parent=296"}],"curies":[{"name":"wp","href":"https:\/\/api.w.org\/{rel}","templated":true}]}}