{"id":2964,"date":"2025-12-15T11:14:06","date_gmt":"2025-12-15T10:14:06","guid":{"rendered":"https:\/\/poledanceaddict.net\/site\/?page_id=2964"},"modified":"2025-12-17T13:10:53","modified_gmt":"2025-12-17T12:10:53","slug":"__trashed","status":"publish","type":"page","link":"https:\/\/poledanceaddict.net\/site\/?page_id=2964","title":{"rendered":"Defidanse 2026"},"content":{"rendered":"\n<p class=\"has-text-align-center has-sitetext-color has-text-color has-link-color has-normal-font-size wp-elements-4405efd430a3af06369c0850f96ca5c2\">\ud83d\udd14 C\u2019est officiel !<br>La 5e \u00e9dition de notre comp\u00e9tition de pole dance aura lieu le <strong>6 juin 2026<\/strong> au <strong>Prisme de Seyssins<\/strong>\u2026 <br>Et on a tellement h\u00e2te de vous retrouver sur sc\u00e8ne ! \ud83d\udc99<\/p>\n\n\n<div class=\"wp-block-image\">\n<figure class=\"aligncenter size-full is-resized\"><img fetchpriority=\"high\" decoding=\"async\" width=\"1000\" height=\"627\" src=\"https:\/\/poledanceaddict.net\/site\/wp-content\/uploads\/2025\/12\/IMG_6882-1.jpg\" alt=\"\" class=\"wp-image-2976\" style=\"aspect-ratio:1.5949098621420996;width:596px;height:auto\" srcset=\"https:\/\/poledanceaddict.net\/site\/wp-content\/uploads\/2025\/12\/IMG_6882-1.jpg 1000w, https:\/\/poledanceaddict.net\/site\/wp-content\/uploads\/2025\/12\/IMG_6882-1-300x188.jpg 300w, https:\/\/poledanceaddict.net\/site\/wp-content\/uploads\/2025\/12\/IMG_6882-1-768x482.jpg 768w, https:\/\/poledanceaddict.net\/site\/wp-content\/uploads\/2025\/12\/IMG_6882-1-478x300.jpg 478w\" sizes=\"(max-width: 1000px) 100vw, 1000px\" \/><\/figure>\n<\/div>\n\n\n<p><\/p>\n\n\n\n<p class=\"has-text-align-center has-sitetext-color has-accent-2-background-color has-text-color has-background has-link-color wp-elements-1bfb282c436e6c8e3af261d37a4699c1\">Apr\u00e8s une petite pause, quel bonheur de relancer cet \u00e9v\u00e9nement qui tient une place si sp\u00e9ciale dans notre communaut\u00e9. <br>Cette comp\u00e9tition est pens\u00e9e avant tout pour les amateurs : celles et ceux qui r\u00eavent de vivre leur premi\u00e8re sc\u00e8ne, comme celles et ceux qui ont d\u00e9j\u00e0 quelques ann\u00e9es de pole dans les bras et souhaitent aller un peu plus loin.<\/p>\n\n\n\n<p class=\"has-text-align-center\">\ud83c\udfaa <strong>Au programme :<\/strong><\/p>\n\n\n\n<div class=\"wp-block-group has-sitebg-background-color has-background\"><div class=\"wp-block-group__inner-container is-layout-constrained wp-block-group-is-layout-constrained\">\n<p class=\"has-text-align-center has-accent-1-color has-text-color has-link-color wp-elements-bfe0258cb35e32f246a75280630d5bd0\">\ud83d\udc96 Cat\u00e9gories amateurs novices et amateurs confirm\u00e9<br>\ud83c\udfcb\ufe0f\u200d\u2640\ufe0f Cat\u00e9gories semi-pro et pro<br>\ud83d\udc6f\u200d\u2640\ufe0f Duos, trios et groupes pour celles et ceux qui veulent partager l\u2019aventure !<\/p>\n<\/div><\/div>\n\n\n\n<p><\/p>\n\n\n\n<p class=\"has-text-align-center\">\u2728<\/p>\n\n\n\n<p class=\"has-text-align-center has-sitetext-color has-text-color has-link-color has-normal-font-size wp-elements-438881ac93e23d91916b4df8a8d9a23c\">\ud83d\udd8a\ufe0f <strong>Inscriptions sur Helloasso<\/strong> :<\/p>\n\n\n\n<iframe id=\"haWidget\" allowtransparency=\"true\" src=\"https:\/\/www.helloasso.com\/associations\/pole-dance-addict-meylan\/evenements\/inscription-defidanse-2026\/widget-bouton\" style=\"width: 100%; height: 70px; border: none;\" onload=\"window.addEventListener( 'message', function(e) { const dataHeight = e.data.height; const haWidgetElement = document.getElementById('haWidget'); haWidgetElement.height = dataHeight + 'px'; } )\" ><\/iframe>\n\n\n<div class=\"wp-block-image wp-duotone-unset-1\">\n<figure class=\"aligncenter size-full\"><img decoding=\"async\" width=\"200\" height=\"200\" src=\"https:\/\/poledanceaddict.net\/site\/wp-content\/uploads\/2023\/09\/pda38_bulle_200_00-3.png\" alt=\"\" class=\"wp-image-2048\" srcset=\"https:\/\/poledanceaddict.net\/site\/wp-content\/uploads\/2023\/09\/pda38_bulle_200_00-3.png 200w, https:\/\/poledanceaddict.net\/site\/wp-content\/uploads\/2023\/09\/pda38_bulle_200_00-3-150x150.png 150w\" sizes=\"(max-width: 200px) 100vw, 200px\" \/><\/figure>\n<\/div>\n\n\n<p><\/p>\n\n\n\n<div class=\"wp-block-buttons is-horizontal is-content-justification-center is-layout-flex wp-container-core-buttons-is-layout-499968f5 wp-block-buttons-is-layout-flex\">\n<div class=\"wp-block-button is-style-fill\"><a class=\"wp-block-button__link has-sitebg-color has-headings-background-color has-text-color has-background has-link-color wp-element-button\" href=\"https:\/\/poledanceaddict.net\/site\/wp-content\/uploads\/2025\/12\/DefidanseJuin2026.pdf\" style=\"border-top-left-radius:100px;border-top-right-radius:100px;border-bottom-left-radius:100px;border-bottom-right-radius:100px\" target=\"_blank\" rel=\"noreferrer noopener\">\ud83d\udcd4 T\u00e9l\u00e9charger le <strong>r\u00e8glement <\/strong>au format pdf<\/a><\/div>\n<\/div>\n\n\n\n<p><\/p>\n\n\n\n<div class=\"wp-block-buttons is-content-justification-center is-layout-flex wp-container-core-buttons-is-layout-16018d1d wp-block-buttons-is-layout-flex\">\n<div class=\"wp-block-button is-style-fill\"><a class=\"wp-block-button__link has-sitebg-color has-accent-1-background-color has-text-color has-background has-link-color wp-element-button\" href=\"https:\/\/poledanceaddict.net\/site\/wp-content\/uploads\/2025\/12\/FicheInscriptionathleteDefidanse.pdf\" style=\"border-top-left-radius:100px;border-top-right-radius:100px;border-bottom-left-radius:100px;border-bottom-right-radius:100px\" target=\"_blank\" rel=\"noreferrer noopener\"> \ud83d\udcdd T\u00e9l\u00e9charger la <strong>fiche d\u2019inscription<\/strong> au format pdf<\/a><\/div>\n<\/div>\n\n\n\n<p><\/p>\n\n\n\n<div class=\"wp-block-buttons is-content-justification-center is-layout-flex wp-container-core-buttons-is-layout-16018d1d wp-block-buttons-is-layout-flex\">\n<div class=\"wp-block-button is-style-fill\"><a class=\"wp-block-button__link has-sitebg-color has-accent-2-background-color has-text-color has-background has-link-color wp-element-button\" href=\"https:\/\/poledanceaddict.net\/site\/wp-content\/uploads\/2025\/12\/Fiche-Notation-Defidanse-2026.pdf\" style=\"border-top-left-radius:100px;border-top-right-radius:100px;border-bottom-left-radius:100px;border-bottom-right-radius:100px\" target=\"_blank\" rel=\"noreferrer noopener\">\ud83d\udcca T\u00e9l\u00e9charger la <strong>fiche de notation<\/strong> au format pdf<\/a><\/div>\n<\/div>\n\n\n\n<p><\/p>\n","protected":false},"excerpt":{"rendered":"<p>\ud83d\udd14 C\u2019est officiel !La 5e \u00e9dition de notre comp\u00e9tition de pole dance aura lieu le 6 juin 2026 au Prisme de Seyssins\u2026 Et on a &hellip;<\/p>\n","protected":false},"author":2,"featured_media":0,"parent":0,"menu_order":0,"comment_status":"closed","ping_status":"closed","template":"","meta":{"footnotes":""},"class_list":["post-2964","page","type-page","status-publish","hentry"],"_links":{"self":[{"href":"https:\/\/poledanceaddict.net\/site\/index.php?rest_route=\/wp\/v2\/pages\/2964","targetHints":{"allow":["GET"]}}],"collection":[{"href":"https:\/\/poledanceaddict.net\/site\/index.php?rest_route=\/wp\/v2\/pages"}],"about":[{"href":"https:\/\/poledanceaddict.net\/site\/index.php?rest_route=\/wp\/v2\/types\/page"}],"author":[{"embeddable":true,"href":"https:\/\/poledanceaddict.net\/site\/index.php?rest_route=\/wp\/v2\/users\/2"}],"replies":[{"embeddable":true,"href":"https:\/\/poledanceaddict.net\/site\/index.php?rest_route=%2Fwp%2Fv2%2Fcomments&post=2964"}],"version-history":[{"count":44,"href":"https:\/\/poledanceaddict.net\/site\/index.php?rest_route=\/wp\/v2\/pages\/2964\/revisions"}],"predecessor-version":[{"id":3046,"href":"https:\/\/poledanceaddict.net\/site\/index.php?rest_route=\/wp\/v2\/pages\/2964\/revisions\/3046"}],"wp:attachment":[{"href":"https:\/\/poledanceaddict.net\/site\/index.php?rest_route=%2Fwp%2Fv2%2Fmedia&parent=2964"}],"curies":[{"name":"wp","href":"https:\/\/api.w.org\/{rel}","templated":true}]}}