{"id":303,"date":"2015-08-28T09:15:29","date_gmt":"2015-08-28T07:15:29","guid":{"rendered":"http:\/\/poledanceaddict.net\/site\/?page_id=303"},"modified":"2020-11-17T21:21:44","modified_gmt":"2020-11-17T20:21:44","slug":"iludik","status":"publish","type":"page","link":"https:\/\/poledanceaddict.net\/site\/?page_id=303","title":{"rendered":"Nos Partenaires"},"content":{"rendered":"\n<figure class=\"wp-block-image\"><img fetchpriority=\"high\" decoding=\"async\" width=\"556\" height=\"267\" src=\"http:\/\/poledanceaddict.net\/site\/wp-content\/uploads\/2020\/10\/BRASIL-BUTTERFLY.jpg\" alt=\"\" class=\"wp-image-1431\" srcset=\"https:\/\/poledanceaddict.net\/site\/wp-content\/uploads\/2020\/10\/BRASIL-BUTTERFLY.jpg 556w, https:\/\/poledanceaddict.net\/site\/wp-content\/uploads\/2020\/10\/BRASIL-BUTTERFLY-300x144.jpg 300w\" sizes=\"(max-width: 556px) 100vw, 556px\" \/><\/figure>\n\n\n<p style=\"text-align: justify;\"><span style=\"text-decoration: underline; color: #93117e;\"><strong>BRASIL BUTTERFLY STUDIO<\/strong><\/span><\/p>\n<p><a href=\"https:\/\/brasil-butterfly.net\/\">visitez le site de notre studio partenaire<\/a><\/p>\n<p>Notre partenaire le Brasil Butterfly Studio a le plaisir de vous accueillir dans la Plus Grande salle de Pole Dance de Chamb\u00e9ry et Aix-les-Bains. Avec des cours de qualit\u00e9 et dans une ambiance chaleureuse, vous trouverez ici \u00e9vasion, d\u00e9tente et charme dans une activit\u00e9 tout aussi physique qu\u2019artistique qui vous ferra accepter votre corps et vous\u00a0donnera confiance en vous. Renseignez vous aupr\u00e8s de nos studio pour d\u00e9couvrir les avantages de notre collaboration.<\/p>\n\n\n<figure class=\"wp-block-image\"><img decoding=\"async\" src=\"http:\/\/comite.ffdanse.fr\/publish\/13\/page\/images\/cdd13%20logos\/Logo-FFD.jpg\" alt=\"\"\/><figcaption> Pole Dance Addict est affili\u00e9 \u00e0 la f\u00e9d\u00e9ration fran\u00e7aise de danse (FFD) ,gage d\u2019un enseignement de qualit\u00e9 et d\u2019une volont\u00e9 de se positionner activement dans l\u2019\u00e9volution de la discipline. Enfin gr\u00e2ce \u00e0 cette affiliation, \u00a0une couverture d\u2019assurance\u00a0\u00a0compl\u00e8te est fournie \u00e0 nos \u00e9l\u00e8ves lors de leur adh\u00e9sion (licence FFD). <a href=\"http:\/\/ffdanse.fr\/index.php\/poledance\/informations\">http:\/\/ffdanse.fr\/index.php\/poledance\/informations<\/a><\/figcaption><\/figure>\n\n\n\n<figure class=\"wp-block-image\"><img decoding=\"async\" width=\"1024\" height=\"1024\" src=\"http:\/\/poledanceaddict.net\/site\/wp-content\/uploads\/2020\/11\/membership-ecole-1024x1024.png\" alt=\"\" class=\"wp-image-1437\" srcset=\"https:\/\/poledanceaddict.net\/site\/wp-content\/uploads\/2020\/11\/membership-ecole-1024x1024.png 1024w, https:\/\/poledanceaddict.net\/site\/wp-content\/uploads\/2020\/11\/membership-ecole-150x150.png 150w, https:\/\/poledanceaddict.net\/site\/wp-content\/uploads\/2020\/11\/membership-ecole-300x300.png 300w, https:\/\/poledanceaddict.net\/site\/wp-content\/uploads\/2020\/11\/membership-ecole-768x768.png 768w\" sizes=\"(max-width: 1024px) 100vw, 1024px\" \/><figcaption><a href=\"https:\/\/www.polesportsfrance.org\/places\/pole-dance-addict-meylan\/\">retrouver notre \u00e9cole sur la page de Pole Sport France <\/a><\/figcaption><\/figure>\n\n\n\n<p> L\u2019association fran\u00e7aise Pole Sports France a \u00e9t\u00e9 fond\u00e9e et reconnue par l\u2019IPSF en 2019 par une \u00e9quipe de passionn\u00e9s b\u00e9n\u00e9voles. Le concept de la Pole en tant que sport remonte \u00e0 2006, lorsque la pole \u00e9tait d\u00e9j\u00e0 devenue une forme de fitness populaire et que les comp\u00e9titions de pole commen\u00e7aient \u00e0 gagner en popularit\u00e9. Toutefois, les comp\u00e9titions n\u2019avaient pas encore de vrais syst\u00e8mes de jugement et de notation, aucun moyen permettant de juger de mani\u00e8re \u00e9quitable et juste les athl\u00e8tes sur les plans techniques et artistiques. Les r\u00e8glements consistaient alors en un simple guide permettant d\u2019indiquer aux juges les qualit\u00e9s recherch\u00e9es et les d\u00e9fauts \u00e0 p\u00e9naliser. En 2006, la pr\u00e9sidente de l\u2019IPSF Katie Coates a men\u00e9 un sondage afin de savoir si la communaut\u00e9 de la pole \u00e9tait favorable \u00e0 une entr\u00e9e de la discipline aux Jeux Olympiques: elle re\u00e7ut plus de 10 000 r\u00e9ponses positives. En 2008, Katie d\u00e9veloppa peu \u00e0 peu la F\u00e9d\u00e9ration Internationale Pole Sports en compagnie de l\u2019am\u00e9ricain Tim Trautman; c\u2019est alors que le terme \u201cPole Sports\u201d fut cr\u00e9\u00e9 pour transformer de fa\u00e7on permanente la pole, alors pratiqu\u00e9e comme simple forme de fitness, en un sport et une comp\u00e9tition internationale. Tr\u00e8s vite, des f\u00e9d\u00e9rations nationales ont commenc\u00e9 \u00e0 se former et des \u00e9quipes de comp\u00e9tition se form\u00e8rent. Le premier Championnat du Monde Pole Sports eut lieu en 2012 avec 43 athl\u00e8tes de 14 pays; seuls 5 \u00e9taient des hommes. En 2013, la cat\u00e9gorie \u201cYouth\u201d fut cr\u00e9\u00e9e, avec uniquement 7 athl\u00e8tes. Cinq ans plus tard, en 2017, il y avait une augmentation de plus de 80% de la participation dans la cat\u00e9gorie Youth; Au total, 229 athl\u00e8tes de 36 pays ont particip\u00e9 \u00e0 la comp\u00e9tition mondiale. Jusqu\u2019en 2011, environ 95% des athl\u00e8tes de Pole Sports \u00e9taient des jeunes filles et des femmes; le Comit\u00e9 International Olympique encouragea alors l\u2019IPSF \u00e0 corriger ce d\u00e9s\u00e9quilibre des genres. Ainsi, en 2017, des cat\u00e9gories Junior et Novices Hommes furent ouvertes, permettant d\u2019augmenter la participation du genre masculin de plus de 70%.En 2014, l\u2019IPSF pris contact avec la GAISF (Global Alliance for International Sport Federations) afin de conna\u00eetre ses conditions d\u2019admission. Progressivement, l\u2019IPSF r\u00e9ussit \u00e0 atteindre les objectifs fix\u00e9s par la GAISF et le CIO, notamment en augmentant le nombre de ses f\u00e9d\u00e9rations nationales \u00e0 25, avec 12 candidatures encore en examen. <\/p>\n","protected":false},"excerpt":{"rendered":"<p>BRASIL BUTTERFLY STUDIO visitez le site de notre studio partenaire Notre partenaire le Brasil Butterfly Studio a le plaisir de vous accueillir dans la Plus &hellip;<\/p>\n","protected":false},"author":1,"featured_media":0,"parent":0,"menu_order":0,"comment_status":"closed","ping_status":"closed","template":"","meta":{"footnotes":""},"class_list":["post-303","page","type-page","status-publish","hentry"],"_links":{"self":[{"href":"https:\/\/poledanceaddict.net\/site\/index.php?rest_route=\/wp\/v2\/pages\/303","targetHints":{"allow":["GET"]}}],"collection":[{"href":"https:\/\/poledanceaddict.net\/site\/index.php?rest_route=\/wp\/v2\/pages"}],"about":[{"href":"https:\/\/poledanceaddict.net\/site\/index.php?rest_route=\/wp\/v2\/types\/page"}],"author":[{"embeddable":true,"href":"https:\/\/poledanceaddict.net\/site\/index.php?rest_route=\/wp\/v2\/users\/1"}],"replies":[{"embeddable":true,"href":"https:\/\/poledanceaddict.net\/site\/index.php?rest_route=%2Fwp%2Fv2%2Fcomments&post=303"}],"version-history":[{"count":12,"href":"https:\/\/poledanceaddict.net\/site\/index.php?rest_route=\/wp\/v2\/pages\/303\/revisions"}],"predecessor-version":[{"id":1440,"href":"https:\/\/poledanceaddict.net\/site\/index.php?rest_route=\/wp\/v2\/pages\/303\/revisions\/1440"}],"wp:attachment":[{"href":"https:\/\/poledanceaddict.net\/site\/index.php?rest_route=%2Fwp%2Fv2%2Fmedia&parent=303"}],"curies":[{"name":"wp","href":"https:\/\/api.w.org\/{rel}","templated":true}]}}