{"id":367,"date":"2015-08-31T18:17:33","date_gmt":"2015-08-31T16:17:33","guid":{"rendered":"http:\/\/poledanceaddict.net\/site\/?page_id=367"},"modified":"2025-09-04T21:07:26","modified_gmt":"2025-09-04T20:07:26","slug":"reglement-de-lecole-pole-dance-addict","status":"publish","type":"page","link":"https:\/\/poledanceaddict.net\/site\/?page_id=367","title":{"rendered":"R\u00e8glement Pole Dance Addict"},"content":{"rendered":"<p style=\"text-align: justify;\"><strong><span style=\"color: #93117e;\">\u00a0<\/span><\/strong><\/p>\n<ul>\n<li style=\"list-style-type: none;\">\n<ul>\n<li>Nous vous demandons de respecter les horaires. En cas de non ponctualit\u00e9 l&rsquo;acc\u00e8s \u00e0 votre cours peut \u00eatre refus\u00e9 (probl\u00e8me d\u2019\u00e9chauffement incomplet). Votre cours sera d\u00e9bit\u00e9 de votre carte.<\/li>\n<li>Un cours doit \u00eatre annul\u00e9 12H r\u00e9volues \u00e0 l\u2019avance via la plateforme de r\u00e9servation en ligne sinon il sera d\u00e9compt\u00e9 de la carte. L\u2019acceptation de notre part de le faire par mail ou t\u00e9l\u00e9phone reste une gentillesse de notre part.\u00a0<\/li>\n<li>L&rsquo;\u00e9cole se r\u00e9serve le droit de ne pas maintenir un cours avec moins de 4 \u00e9l\u00e8ves inscrits 12h avant l\u2019heure pr\u00e9vue du cours. Dans ce cas votre cours vous est re cr\u00e9dit\u00e9.<\/li>\n<li>Aucun remboursement ne sera effectu\u00e9 mais en cas de raison m\u00e9dicale ou de d\u00e9m\u00e9nagement nous serons \u00e0 votre \u00e9coute pour trouver un arrangement.<\/li>\n<li>Les cartes sont nominatives. La cotisation est personnelle et ne peut \u00eatre c\u00e9d\u00e9e ou revendue.<\/li>\n<li>L\u2019\u00e9l\u00e8ve s\u2019engage \u00e0 respecter les consignes de s\u00e9curit\u00e9 et de travail de son professeur.<\/li>\n<li>Dans le cas des cartes illimit\u00e9es, au del\u00e0 de 2 absences mensuelles non annul\u00e9es dans les 12h r\u00e9volues donnera lieu \u00e0 un blocage de la carte (7 jours pour la carte mensuelle 15 jours pour la carte annuelle)<\/li>\n<li>Dans le cas des cartes fixes, ces cartes correspondent \u00e0 1 cours hebdomadaire choisit par l&rsquo;\u00e9l\u00e8ve en d\u00e9but d&rsquo;ann\u00e9e (validit\u00e9 du 01 septembre au 5 juillet) (1 seul creneau fixe, pas d\u2019\u00e9change d&rsquo;horaire de niveau de lieu, pas de rattrapage en cas d&rsquo;absence). La carte est bloqu\u00e9e \u00e0 partir de la deuxi\u00e8me absence non annul\u00e9e pendant 15j.<\/li>\n<li>L\u2019article 9 du Code Civil stipule que \u00ab\u00a0chacun \u00e0 droit au respect de sa vie priv\u00e9e\u00a0\u00bb. Le droit a l\u2019image est prot\u00e9g\u00e9 dans ce cadre c\u2019est pourquoi une autorisation \u00e9crite est obligatoire. J\u2019autorise\/n\u2019autorise pas (rayer la mention inutile) POLE DANCE ADDICT \u00e0 photographier ou filmer mon enfant ou moi-m\u00eame lors des activit\u00e9s sportives et \u00e0 utiliser ces images ou vid\u00e9os pour ses diff\u00e9rentes publications (facebook\/ journal\/plaquette\/ site internet\u2026)<\/li>\n<li>L\u2019\u00e9l\u00e8ve s\u2019engage \u00e0 demander aux autres participantes leurs accords quand je publie mes propres photos mais que d\u2019autres \u00e9l\u00e8ves peuvent apparaitre en fond d\u2019image.<\/li>\n<li>L&rsquo;\u00e9l\u00e8ve certifie joindre un certificat m\u00e9dical lui autorisant la pratique des sports acrobatiques et un certificat d&rsquo;assurance pour cette m\u00eame pratique. En cas de non d\u00e9livrance de ces documents, il engage personnellement sa responsabilit\u00e9 en cas d&rsquo;\u00e9ventuels probl\u00e8mes. Ni Pole Dance Addict ni son repr\u00e9sentant l\u00e9gal ne pourront \u00eatre tenus responsables \u00e0 sa place en cas d&rsquo;incident.<\/li>\n<li>Il est demand\u00e9 aux \u00e9l\u00e8ves de s&rsquo;affilier \u00e0 la F\u00e9d\u00e9ration Fran\u00e7aise de Danse pour l&rsquo;ann\u00e9e en cours. Nous pouvons r\u00e9aliser les d\u00e9marches pour les \u00e9l\u00e8ves.<\/li>\n<li>Gardez vos objets de valeurs dans la salle, nous d\u00e9clinons toute responsabilit\u00e9 en cas de vol.<\/li>\n<li>L\u2019utilisation des crash-mat est obligatoire. En cas de non-respect de cette r\u00e8gle, ni pole dance addict meylan, ni son repr\u00e9sentant l\u00e9gal ni le professeur en charge du cours ne peut \u00eatre tenu responsable. L\u2019\u00e9l\u00e8ve s\u2019engage \u00e0 \u00e9couter et respecter les consignes de son professeur. La responsabilit\u00e9 du professeur ne pourra \u00eatre mise en cause en cas de non-respect de ces consignes.<\/li>\n<\/ul>\n<\/li>\n<\/ul>\n\n\n<p><\/p>\n","protected":false},"excerpt":{"rendered":"<p>\u00a0 Nous vous demandons de respecter les horaires. En cas de non ponctualit\u00e9 l&rsquo;acc\u00e8s \u00e0 votre cours peut \u00eatre refus\u00e9 (probl\u00e8me d\u2019\u00e9chauffement incomplet). Votre cours &hellip;<\/p>\n","protected":false},"author":2,"featured_media":0,"parent":208,"menu_order":0,"comment_status":"closed","ping_status":"closed","template":"","meta":{"footnotes":""},"class_list":["post-367","page","type-page","status-publish","hentry"],"_links":{"self":[{"href":"https:\/\/poledanceaddict.net\/site\/index.php?rest_route=\/wp\/v2\/pages\/367","targetHints":{"allow":["GET"]}}],"collection":[{"href":"https:\/\/poledanceaddict.net\/site\/index.php?rest_route=\/wp\/v2\/pages"}],"about":[{"href":"https:\/\/poledanceaddict.net\/site\/index.php?rest_route=\/wp\/v2\/types\/page"}],"author":[{"embeddable":true,"href":"https:\/\/poledanceaddict.net\/site\/index.php?rest_route=\/wp\/v2\/users\/2"}],"replies":[{"embeddable":true,"href":"https:\/\/poledanceaddict.net\/site\/index.php?rest_route=%2Fwp%2Fv2%2Fcomments&post=367"}],"version-history":[{"count":21,"href":"https:\/\/poledanceaddict.net\/site\/index.php?rest_route=\/wp\/v2\/pages\/367\/revisions"}],"predecessor-version":[{"id":2939,"href":"https:\/\/poledanceaddict.net\/site\/index.php?rest_route=\/wp\/v2\/pages\/367\/revisions\/2939"}],"up":[{"embeddable":true,"href":"https:\/\/poledanceaddict.net\/site\/index.php?rest_route=\/wp\/v2\/pages\/208"}],"wp:attachment":[{"href":"https:\/\/poledanceaddict.net\/site\/index.php?rest_route=%2Fwp%2Fv2%2Fmedia&parent=367"}],"curies":[{"name":"wp","href":"https:\/\/api.w.org\/{rel}","templated":true}]}}