{"id":500,"date":"2015-09-10T19:20:15","date_gmt":"2015-09-10T17:20:15","guid":{"rendered":"http:\/\/poledanceaddict.net\/site\/?page_id=500"},"modified":"2019-05-28T22:12:40","modified_gmt":"2019-05-28T21:12:40","slug":"formulaire-de-contact","status":"publish","type":"page","link":"https:\/\/poledanceaddict.net\/site\/?page_id=500","title":{"rendered":"Formulaire de contact"},"content":{"rendered":"<p><span style=\"text-decoration: underline;\"><strong>Formulaire de contact<\/strong><\/span><br \/>\n\n<div class=\"wpcf7 no-js\" id=\"wpcf7-f31-o1\" lang=\"fr-FR\" dir=\"ltr\" data-wpcf7-id=\"31\">\n<div class=\"screen-reader-response\"><p role=\"status\" aria-live=\"polite\" aria-atomic=\"true\"><\/p> <ul><\/ul><\/div>\n<form action=\"\/site\/index.php?rest_route=%2Fwp%2Fv2%2Fpages%2F500#wpcf7-f31-o1\" method=\"post\" class=\"wpcf7-form init\" aria-label=\"Formulaire de contact\" novalidate=\"novalidate\" data-status=\"init\">\n<fieldset class=\"hidden-fields-container\"><input type=\"hidden\" name=\"_wpcf7\" value=\"31\" \/><input type=\"hidden\" name=\"_wpcf7_version\" value=\"6.1.5\" \/><input type=\"hidden\" name=\"_wpcf7_locale\" value=\"fr_FR\" \/><input type=\"hidden\" name=\"_wpcf7_unit_tag\" value=\"wpcf7-f31-o1\" \/><input type=\"hidden\" name=\"_wpcf7_container_post\" value=\"0\" \/><input type=\"hidden\" name=\"_wpcf7_posted_data_hash\" value=\"\" \/>\n<\/fieldset>\n<p>Merci de bien vouloir pr\u00e9ciser vos coordonn\u00e9es et votre demande.\n<\/p>\n<p>Votre nom (obligatoire)\n<\/p>\n<p><span class=\"wpcf7-form-control-wrap\" data-name=\"nom\"><input size=\"40\" maxlength=\"400\" class=\"wpcf7-form-control wpcf7-text wpcf7-validates-as-required\" aria-required=\"true\" aria-invalid=\"false\" value=\"\" type=\"text\" name=\"nom\" \/><\/span>\n<\/p>\n<p>Votre pr\u00e9nom (obligatoire)\n<\/p>\n<p><span class=\"wpcf7-form-control-wrap\" data-name=\"prenom\"><input size=\"40\" maxlength=\"400\" class=\"wpcf7-form-control wpcf7-text wpcf7-validates-as-required\" aria-required=\"true\" aria-invalid=\"false\" value=\"\" type=\"text\" name=\"prenom\" \/><\/span>\n<\/p>\n<p>Votre email (obligatoire)\n<\/p>\n<p><span class=\"wpcf7-form-control-wrap\" data-name=\"email\"><input size=\"40\" maxlength=\"400\" class=\"wpcf7-form-control wpcf7-email wpcf7-validates-as-required wpcf7-text wpcf7-validates-as-email\" aria-required=\"true\" aria-invalid=\"false\" value=\"\" type=\"email\" name=\"email\" \/><\/span>\n<\/p>\n<p>Votre num\u00e9ro de t\u00e9l\u00e9phone (factultatif)\n<\/p>\n<p><span class=\"wpcf7-form-control-wrap\" data-name=\"telephone\"><input size=\"40\" maxlength=\"400\" class=\"wpcf7-form-control wpcf7-tel wpcf7-text wpcf7-validates-as-tel\" aria-invalid=\"false\" value=\"\" type=\"tel\" name=\"telephone\" \/><\/span>\n<\/p>\n<p>Sujet\n<\/p>\n<p><span class=\"wpcf7-form-control-wrap\" data-name=\"sujet\"><input size=\"40\" maxlength=\"400\" class=\"wpcf7-form-control wpcf7-text\" aria-invalid=\"false\" value=\"\" type=\"text\" name=\"sujet\" \/><\/span>\n<\/p>\n<p>Votre message\n<\/p>\n<p><span class=\"wpcf7-form-control-wrap\" data-name=\"message\"><textarea cols=\"40\" rows=\"10\" maxlength=\"2000\" class=\"wpcf7-form-control wpcf7-textarea\" aria-invalid=\"false\" name=\"message\"><\/textarea><\/span>\n<\/p>\n<p><input class=\"wpcf7-form-control wpcf7-submit has-spinner\" type=\"submit\" value=\"Envoyer\" \/>\n<\/p>\n<p><input type=\"hidden\" name=\"_wpcf7_captcha_challenge_captcha-530\" value=\"2053546195\" \/><img loading=\"lazy\" decoding=\"async\" class=\"wpcf7-form-control wpcf7-captchac wpcf7-captcha-captcha-530\" width=\"72\" height=\"24\" alt=\"captcha\" src=\"https:\/\/poledanceaddict.net\/site\/wp-content\/uploads\/wpcf7_captcha\/2053546195.png\" \/><span class=\"wpcf7-form-control-wrap\" data-name=\"captcha-530\"><input size=\"40\" class=\"wpcf7-form-control wpcf7-captchar\" autocomplete=\"off\" aria-invalid=\"false\" value=\"\" type=\"text\" name=\"captcha-530\" \/><\/span>\n<\/p><p style=\"display: none !important;\" class=\"akismet-fields-container\" data-prefix=\"_wpcf7_ak_\"><label>&#916;<textarea name=\"_wpcf7_ak_hp_textarea\" cols=\"45\" rows=\"8\" maxlength=\"100\"><\/textarea><\/label><input type=\"hidden\" id=\"ak_js_1\" name=\"_wpcf7_ak_js\" value=\"111\"\/><script>document.getElementById( \"ak_js_1\" ).setAttribute( \"value\", ( new Date() ).getTime() );<\/script><\/p><div class=\"wpcf7-response-output\" aria-hidden=\"true\"><\/div>\n<\/form>\n<\/div>\n<\/p>\n","protected":false},"excerpt":{"rendered":"<p>Formulaire de contact<\/p>\n","protected":false},"author":1,"featured_media":0,"parent":0,"menu_order":0,"comment_status":"closed","ping_status":"closed","template":"","meta":{"footnotes":""},"class_list":["post-500","page","type-page","status-publish","hentry"],"_links":{"self":[{"href":"https:\/\/poledanceaddict.net\/site\/index.php?rest_route=\/wp\/v2\/pages\/500","targetHints":{"allow":["GET"]}}],"collection":[{"href":"https:\/\/poledanceaddict.net\/site\/index.php?rest_route=\/wp\/v2\/pages"}],"about":[{"href":"https:\/\/poledanceaddict.net\/site\/index.php?rest_route=\/wp\/v2\/types\/page"}],"author":[{"embeddable":true,"href":"https:\/\/poledanceaddict.net\/site\/index.php?rest_route=\/wp\/v2\/users\/1"}],"replies":[{"embeddable":true,"href":"https:\/\/poledanceaddict.net\/site\/index.php?rest_route=%2Fwp%2Fv2%2Fcomments&post=500"}],"version-history":[{"count":1,"href":"https:\/\/poledanceaddict.net\/site\/index.php?rest_route=\/wp\/v2\/pages\/500\/revisions"}],"predecessor-version":[{"id":501,"href":"https:\/\/poledanceaddict.net\/site\/index.php?rest_route=\/wp\/v2\/pages\/500\/revisions\/501"}],"wp:attachment":[{"href":"https:\/\/poledanceaddict.net\/site\/index.php?rest_route=%2Fwp%2Fv2%2Fmedia&parent=500"}],"curies":[{"name":"wp","href":"https:\/\/api.w.org\/{rel}","templated":true}]}}