{"id":84,"date":"2015-07-03T19:15:14","date_gmt":"2015-07-03T17:15:14","guid":{"rendered":"http:\/\/poledanceaddict.net\/site\/?page_id=84"},"modified":"2025-04-29T21:10:23","modified_gmt":"2025-04-29T20:10:23","slug":"pole-dance-addict-meylan","status":"publish","type":"page","link":"https:\/\/poledanceaddict.net\/site\/?page_id=84","title":{"rendered":"Nos Studios : Meylan, Saint-Egr\u00e8ve et Claix"},"content":{"rendered":"\n<p>Pole Dance Addict, c\u2019est trois espaces uniques dans la r\u00e9gion grenobloise, pens\u00e9s pour vous offrir un cadre accueillant, s\u00e9curis\u00e9 et propice \u00e0 la progression. Que vous soyez d\u00e9butant\u00b7e ou confirm\u00e9\u00b7e, chaque studio a \u00e9t\u00e9 am\u00e9nag\u00e9 avec soin pour vous garantir confort, qualit\u00e9 et convivialit\u00e9.<\/p>\n\n\n\n<p><strong>Pole Dance Addict Meylan<\/strong><\/p>\n\n\n\n<p>11 boulevard des Alpes, 38240 Meylan<br>(Dans l\u2019\u00e9cole de danse Grimaldi)<\/p>\n\n\n\n<p>Situ\u00e9 au c\u0153ur de Meylan, notre studio vous accueille dans une ambiance tamis\u00e9e et chaleureuse, au sein de l\u2019\u00e9cole de danse Grimaldi. Facilement accessible depuis Grenoble et les grands axes, vous profiterez d\u2019un parking priv\u00e9 ou d\u2019un acc\u00e8s rapide en transports en commun (bus C1 \u2013 arr\u00eat Aiguinards-Hexagone, \u00e0 moins de 10 minutes du centre-ville).<\/p>\n\n\n\n<p>La salle est climatis\u00e9e et confortable, avec un vestiaire \u00e9quip\u00e9 de douches individuelles et WC.<\/p>\n\n\n\n<p>\u00c9quipements du studio :<br>\u2022 6 barres X-Pole (45 mm \u2013 chromes, chrome hypoallerg\u00e9nique, silicone, c\u00e9ramique \u2013 hauteur entre 3,43 m et 3,63 m)<br>\u2022 6 crash mats (\u00e9paisseur de 10 \u00e0 15 cm)<br>\u2022 4 cerceaux a\u00e9riens (90 cm de diam\u00e8tre, \u00e0 un point d\u2019accroche)<br>\u2022 Matelas, briques de yoga, \u00e9lastiques et un espalier<\/p>\n\n\n\n<p><strong>Pole Dance Addict Saint-\u00c9gr\u00e8ve<\/strong><\/p>\n\n\n\n<p>Un espace lumineux et spacieux de 200 m\u00b2 enti\u00e8rement d\u00e9di\u00e9 \u00e0 la pratique de la pole dance, \u00e0 seulement quelques minutes de Grenoble. Vous appr\u00e9cierez l\u2019acc\u00e8s pratique, les nombreuses places de parking, ou encore la ligne de bus 22.<\/p>\n\n\n\n<p>Le studio comprend deux salles climatis\u00e9es :<br>\u2022 Une grande salle de 110 m\u00b2 pour la pole dance<br>\u2022 Une salle de 50 m\u00b2 d\u00e9di\u00e9e \u00e0 la freepole et aux cours de souplesse<\/p>\n\n\n\n<p>Les vestiaires sont \u00e9quip\u00e9s de douches individuelles, WC et casiers, pour votre confort.<br>Et comme dans tous nos studios, un espace d\u00e9tente cocooning vous attend avec boissons et petites friandises.<\/p>\n\n\n\n<p>\u00c9quipements du studio :<\/p>\n\n\n\n<p>Salle principale :<br>\u2022 7 barres X-Pole (40 ou 45 mm \u2013 chromes, chrome hypoallerg\u00e9nique, silicone, c\u00e9ramique \u2013 hauteur 3,55 m)<br>\u2022 6 crash mats (\u00e9paisseur de 10 \u00e0 15 cm)<br>\u2022 Matelas, briques de yoga et \u00e9lastiques<\/p>\n\n\n\n<p>Salle souplesse :<br>\u2022 1 podium AGM c\u00e9ramique (45 mm de diam\u00e8tre \u2013 3 m de hauteur)<\/p>\n\n\n\n<p><strong>Pole Dance Addict Claix<\/strong><\/p>\n\n\n\n<p>Notre studio de Claix est un espace intimiste de 60 m\u00b2, parfait pour des cours en petits groupes. Situ\u00e9 \u00e0 la sortie 9 de l\u2019A48, il est facilement accessible en voiture ou par le bus C2.<\/p>\n\n\n\n<p>\u00c9quipements du studio :<br>\u2022 7 barres X-Pole (40 ou 45 mm \u2013 hauteur 3 m) dont 2 en c\u00e9ramique et une en silicone<br>\u2022 1 flying pole<br>\u2022 4 crash mats (\u00e9paisseur de 4 \u00e0 15 cm)<\/p>\n\n\n\n<p><strong>Horaires des cours<\/strong><\/p>\n\n\n\n<p>Nos trois studios proposent des cr\u00e9neaux du lundi au dimanche, de 9h00 \u00e0 21h30, en fonction des plannings et de vos demandes.<\/p>\n\n\n\n<p><strong>Vous souhaitez visiter un studio ou r\u00e9server un cours ?<\/strong><br>Contactez-nous ou consultez nos plannings en ligne pour d\u00e9couvrir l\u2019ambiance unique de chaque salle.<br>Chez Pole Dance Addict, chaque d\u00e9tail est pens\u00e9 pour que vous vous sentiez bien, que ce soit pour d\u00e9buter, progresser ou repousser vos limites.<\/p>\n\n\n\n<div class=\"wp-block-columns is-layout-flex wp-container-core-columns-is-layout-9d6595d7 wp-block-columns-is-layout-flex\">\n<div class=\"wp-block-column is-layout-flow wp-block-column-is-layout-flow\" style=\"flex-basis:100%\"><\/div>\n<\/div>\n","protected":false},"excerpt":{"rendered":"<p>Pole Dance Addict, c\u2019est trois espaces uniques dans la r\u00e9gion grenobloise, pens\u00e9s pour vous offrir un cadre accueillant, s\u00e9curis\u00e9 et propice \u00e0 la progression. Que &hellip;<\/p>\n","protected":false},"author":1,"featured_media":0,"parent":208,"menu_order":0,"comment_status":"closed","ping_status":"open","template":"","meta":{"footnotes":""},"class_list":["post-84","page","type-page","status-publish","hentry"],"_links":{"self":[{"href":"https:\/\/poledanceaddict.net\/site\/index.php?rest_route=\/wp\/v2\/pages\/84","targetHints":{"allow":["GET"]}}],"collection":[{"href":"https:\/\/poledanceaddict.net\/site\/index.php?rest_route=\/wp\/v2\/pages"}],"about":[{"href":"https:\/\/poledanceaddict.net\/site\/index.php?rest_route=\/wp\/v2\/types\/page"}],"author":[{"embeddable":true,"href":"https:\/\/poledanceaddict.net\/site\/index.php?rest_route=\/wp\/v2\/users\/1"}],"replies":[{"embeddable":true,"href":"https:\/\/poledanceaddict.net\/site\/index.php?rest_route=%2Fwp%2Fv2%2Fcomments&post=84"}],"version-history":[{"count":26,"href":"https:\/\/poledanceaddict.net\/site\/index.php?rest_route=\/wp\/v2\/pages\/84\/revisions"}],"predecessor-version":[{"id":2726,"href":"https:\/\/poledanceaddict.net\/site\/index.php?rest_route=\/wp\/v2\/pages\/84\/revisions\/2726"}],"up":[{"embeddable":true,"href":"https:\/\/poledanceaddict.net\/site\/index.php?rest_route=\/wp\/v2\/pages\/208"}],"wp:attachment":[{"href":"https:\/\/poledanceaddict.net\/site\/index.php?rest_route=%2Fwp%2Fv2%2Fmedia&parent=84"}],"curies":[{"name":"wp","href":"https:\/\/api.w.org\/{rel}","templated":true}]}}